{"id":51268,"date":"2022-01-11T14:37:58","date_gmt":"2022-01-11T14:37:58","guid":{"rendered":"https:\/\/remap-staging.24livehost.com\/product\/evc-winols-diesel-tuning-modulo-6-de-6b\/"},"modified":"2026-01-30T13:54:32","modified_gmt":"2026-01-30T13:54:32","slug":"evc-winols-diesel-tuning-module-6-of-6b","status":"publish","type":"product","link":"https:\/\/remap-staging.24livehost.com\/pt-pt\/produto\/evc-winols-diesel-tuning-module-6-of-6b\/","title":{"rendered":"VTA1028:  M\u00f3dulo de afina\u00e7\u00e3o diesel EVC WinOLS 6 de 6b"},"content":{"rendered":"<h2>VTA1028: Curso online de forma\u00e7\u00e3o em tuning diesel EVC WinOLS &#8211; M\u00f3dulo 6 de 6b<\/h2>\n<p>Este \u00e9 o \u00faltimo m\u00f3dulo do curso de forma\u00e7\u00e3o online Viezu Remap101 WinOLS Diesel Engine Tuning.<\/p>\n<p>A 6\u00aa sec\u00e7\u00e3o do curso est\u00e1 dividida em 2 partes &#8211; a e b:<\/p>\n<ul>\n<li>EVC WinOLS Diesel Tuning Training Online M\u00f3dulo 6 de 6a<\/li>\n<li><strong>EVC WinOLS Diesel Tuning Training Online M\u00f3dulo 6 de 6b (este m\u00f3dulo)<\/strong><\/li>\n<\/ul>\n<h3><strong>O que est\u00e1 no EVC WinOLS Diesel Tuning Module 6 de 6b:<\/strong><\/h3>\n<ol>\n<li>Saiba a import\u00e2ncia de controlar as altera\u00e7\u00f5es em mapas semelhantes<\/li>\n<li>Aprende a arte e a habilidade da &#8220;Consist\u00eancia&#8221; no contexto de fazer modifica\u00e7\u00f5es em diferentes mapas<\/li>\n<li>Explore o Turbo Pressure e a abordagem \u00e0 modifica\u00e7\u00e3o<\/li>\n<li>In\u00edcio do \u00e2ngulo de inje\u00e7\u00e3o e a abordagem \u00e0 modifica\u00e7\u00e3o<\/li>\n<li>Explore as diferentes abordagens para ajustar a press\u00e3o ferrovi\u00e1ria<\/li>\n<li>Compreende o pedido de bin\u00e1rio e a abordagem \u00e0 modifica\u00e7\u00e3o<\/li>\n<li>A arte e a habilidade da &#8220;consist\u00eancia&#8221; revisitadas em rela\u00e7\u00e3o \u00e0 afina\u00e7\u00e3o do limitador de velocidade<\/li>\n<li>Remapear um a um &#8211; Como exportar um arquivo<\/li>\n<\/ol>\n<p>O formador e apresentador deste curso tem utilizado WinOLs para tuning e remapeamento de ve\u00edculos h\u00e1 mais de 15 anos. Ministrou cursos de escrita de mapas de afina\u00e7\u00e3o e sess\u00f5es de forma\u00e7\u00e3o em todo o mundo. Agora podes participar nestes cursos de forma\u00e7\u00e3o quando te for mais conveniente, a partir da tua pr\u00f3pria casa ou empresa. Aprende diretamente com os especialistas. Desenvolve as tuas capacidades, conhecimentos e desenvolvimento pessoal.<\/p>\n<h3><strong>Crescimento pessoal<\/strong><\/h3>\n<p>A Viezu Training Academy e a Remap101 dedicam-se a elevar os padr\u00f5es na ind\u00fastria de tuning e a dar-te oportunidades para desenvolveres os teus conhecimentos e compet\u00eancias e para aumentares o teu neg\u00f3cio de tuning.<\/p>\n<p>Para obteres os benef\u00edcios e o valor total deste curso de forma\u00e7\u00e3o online, \u00e9 melhor fazeres os m\u00f3dulos pela ordem correta, em sequ\u00eancia. Isto permite-te come\u00e7ar pelo in\u00edcio, aprender a instala\u00e7\u00e3o e configura\u00e7\u00e3o adequadas, aprender os conceitos b\u00e1sicos e, em seguida, construir a partir da\u00ed.<\/p>\n<p>Este \u00e9 o \u00faltimo m\u00f3dulo deste curso em linha, pelo que ter\u00e1s vantagem se fizeres os m\u00f3dulos anteriores do curso.<\/p>\n<h3><strong>Acesso vital\u00edcio<\/strong><\/h3>\n<p>Tens acesso vital\u00edcio a cada m\u00f3dulo depois de o comprares. Podes visualiz\u00e1-lo sempre que quiseres. V\u00ea e revisita sempre que quiseres.<\/p>\n<p>Podes fazer uma pausa e reiniciar os v\u00eddeos de forma\u00e7\u00e3o. Podes fazer isto as vezes que quiseres. Isto significa que podes fazer uma pausa se quiseres. Al\u00e9m disso, se fores interrompido, podes fazer uma pausa no v\u00eddeo e reinici\u00e1-lo mais tarde, quando estiveres pronto.<\/p>\n<h3><strong>O software de ajuste EVC WinOLS<\/strong><\/h3>\n<p>N\u00e3o \u00e9 essencial ter o seu pr\u00f3prio software EVC WinOLS para completar estes m\u00f3dulos de forma\u00e7\u00e3o online, no entanto, a tua experi\u00eancia de aprendizagem ser\u00e1 muito melhor se tiveres o software instalado e a funcionar no teu computador enquanto segues os v\u00eddeos de forma\u00e7\u00e3o.<\/p>\n<p>Isto significa que podes praticar por ti pr\u00f3prio os processos e as t\u00e9cnicas que aprendeste no v\u00eddeo. Isto refor\u00e7a a tua aprendizagem.<\/p>\n<p>Se ainda n\u00e3o tens uma vers\u00e3o completa do software de afina\u00e7\u00e3o EVC WinOLS, podes v\u00ea-la e compr\u00e1-la na loja de afina\u00e7\u00e3o Remap 101 &#8211; <a href=\"https:\/\/remap-staging.24livehost.com\/pt-pt\/categoria-produto\/ferramentas-e-software-de-ajuste-profissional-pt-pt\/\">Software de afina\u00e7\u00e3o.<\/a><\/p>\n","protected":false},"excerpt":{"rendered":"<p>VTA1028: Curso online de forma\u00e7\u00e3o em tuning diesel EVC WinOLS &#8211; M\u00f3dulo 6 de 6b Este \u00e9 o \u00faltimo m\u00f3dulo do curso de forma\u00e7\u00e3o online Viezu Remap101 WinOLS Diesel Engine Tuning. A 6\u00aa sec\u00e7\u00e3o do curso est\u00e1 dividida em 2 partes &#8211; a e b: EVC WinOLS Diesel Tuning Training Online M\u00f3dulo 6 de 6a [&hellip;]<\/p>\n","protected":false},"featured_media":56859,"comment_status":"open","ping_status":"closed","template":"","meta":{"_acf_changed":false},"product_brand":[21146,19675],"product_cat":[24689,24605,24599,24714,24415,24416,24418,24597],"product_tag":[15306,15307,15309],"class_list":{"0":"post-51268","1":"product","2":"type-product","3":"status-publish","4":"has-post-thumbnail","6":"product_brand-evc","7":"product_brand-winols","8":"product_cat-cursos-de-formacao-online-sobre-tuning","9":"product_cat-formacao-diesel-tuning","10":"product_cat-formacao-tuning-por-tipo-de-veiculo","11":"product_cat-formacao-em-ajuste-de-software","12":"product_cat-formacao-em-tuning-para-todos-os-veiculos","13":"product_cat-treinamento-evc-winols","14":"product_cat-formacao-em-afinacao-eletronica-evc","15":"product_cat-formacao-tuning-por-nivel","16":"product_tag-evc-pt-pt","17":"product_tag-evc-winols-pt-pt","18":"product_tag-evc-winols-diesel-pt-pt","20":"first","21":"instock","22":"taxable","23":"shipping-taxable","24":"purchasable","25":"product-type-simple"},"acf":[],"_links":{"self":[{"href":"https:\/\/remap-staging.24livehost.com\/pt-pt\/wp-json\/wp\/v2\/product\/51268","targetHints":{"allow":["GET"]}}],"collection":[{"href":"https:\/\/remap-staging.24livehost.com\/pt-pt\/wp-json\/wp\/v2\/product"}],"about":[{"href":"https:\/\/remap-staging.24livehost.com\/pt-pt\/wp-json\/wp\/v2\/types\/product"}],"replies":[{"embeddable":true,"href":"https:\/\/remap-staging.24livehost.com\/pt-pt\/wp-json\/wp\/v2\/comments?post=51268"}],"wp:featuredmedia":[{"embeddable":true,"href":"https:\/\/remap-staging.24livehost.com\/pt-pt\/wp-json\/wp\/v2\/media\/56859"}],"wp:attachment":[{"href":"https:\/\/remap-staging.24livehost.com\/pt-pt\/wp-json\/wp\/v2\/media?parent=51268"}],"wp:term":[{"taxonomy":"product_brand","embeddable":true,"href":"https:\/\/remap-staging.24livehost.com\/pt-pt\/wp-json\/wp\/v2\/product_brand?post=51268"},{"taxonomy":"product_cat","embeddable":true,"href":"https:\/\/remap-staging.24livehost.com\/pt-pt\/wp-json\/wp\/v2\/product_cat?post=51268"},{"taxonomy":"product_tag","embeddable":true,"href":"https:\/\/remap-staging.24livehost.com\/pt-pt\/wp-json\/wp\/v2\/product_tag?post=51268"}],"curies":[{"name":"wp","href":"https:\/\/api.w.org\/{rel}","templated":true}]}}