{"id":51109,"date":"2021-12-17T13:29:59","date_gmt":"2021-12-17T13:29:59","guid":{"rendered":"https:\/\/remap-staging.24livehost.com\/product\/evc-winols-diesel-tuning-training-modulo-5-de-6\/"},"modified":"2026-01-30T13:30:08","modified_gmt":"2026-01-30T13:30:08","slug":"evc-winols-diesel-tuning-module-5-of-6","status":"publish","type":"product","link":"https:\/\/remap-staging.24livehost.com\/pt-pt\/produto\/evc-winols-diesel-tuning-module-5-of-6\/","title":{"rendered":"VTA1022: M\u00f3dulo 5 de 6 do Treino de Afina\u00e7\u00e3o de Motores Diesel EVC WinOLS"},"content":{"rendered":"<h2>VTA1022: EVC WinOLS Diesel Tuning Training Online M\u00f3dulo 5 de 6<\/h2>\n<p>WinOLS Diesel Tuning Training Online m\u00f3dulo 5 de 6. Neste curso de forma\u00e7\u00e3o online ir\u00e1 aprender:<\/p>\n<ul>\n<li>Compreender as rela\u00e7\u00f5es de dados entre os diferentes tipos de mapas na ECU<\/li>\n<li>Como compreender os valores e as limita\u00e7\u00f5es atuais das exist\u00eancias em ecus<\/li>\n<li>Descobrir pistas escondidas dentro das mesas e eixos para desbloquear mais poder<\/li>\n<li>Bem como, selecionar pontos de refer\u00eancia comuns em mapas<\/li>\n<li>Aumento do bin\u00e1rio acima dos valores das a\u00e7\u00f5es<\/li>\n<\/ul>\n<p>O tutor deste curso tem estado a afinar com o software ECV WinOLs h\u00e1 mais de 15 anos. Eles fizeram cursos de escrita de mapas de afina\u00e7\u00e3o e sess\u00f5es de forma\u00e7\u00e3o em todo o mundo. E assim, agora, tamb\u00e9m tu podes aprender em primeira m\u00e3o os conhecimentos de master tuning, tudo no conforto da tua pr\u00f3pria casa.<\/p>\n<p>\u00c9 importante que tires o m\u00e1ximo partido desta sess\u00e3o de forma\u00e7\u00e3o online EVC WinOLS Diesel Tuning. Como tal, sugerimos que fa\u00e7as os m\u00f3dulos anteriores da s\u00e9rie. Isto ir\u00e1 ajudar-te a compreender totalmente a l\u00f3gica e o fluxo dos cursos. Este curso de forma\u00e7\u00e3o online \u00e9 o 5\u00ba da s\u00e9rie de cursos de forma\u00e7\u00e3o de afina\u00e7\u00e3o WinOls Diesel.<\/p>\n<h3>O software de ajuste EVC WinOLS<\/h3>\n<p>Em teoria, podes assistir a este curso de forma\u00e7\u00e3o WinOls online sem ter o software WinOls da EVC. No entanto, n\u00e3o \u00e9 o ideal. Queremos que tenhas a melhor experi\u00eancia de forma\u00e7\u00e3o poss\u00edvel. E, tamb\u00e9m, que tenhas a melhor rela\u00e7\u00e3o qualidade-pre\u00e7o. Por isso, \u00e9 importante que tenhas o software contigo para que possas participar ativamente na forma\u00e7\u00e3o. E continuar a praticar o que viste. Antes de passares \u00e0 sess\u00e3o seguinte. Se ainda n\u00e3o tens uma vers\u00e3o completa do software de afina\u00e7\u00e3o EVC WinOls, podes v\u00ea-la aqui na loja de afina\u00e7\u00e3o Remap 101 <a href=\"https:\/\/remap-staging.24livehost.com\/pt-pt\/categoria-produto\/ferramentas-e-software-de-ajuste-profissional-pt-pt\/\">Software de afina\u00e7\u00e3o <\/a><\/p>\n","protected":false},"excerpt":{"rendered":"<p>VTA1022: EVC WinOLS Diesel Tuning Training Online M\u00f3dulo 5 de 6 WinOLS Diesel Tuning Training Online m\u00f3dulo 5 de 6. Neste curso de forma\u00e7\u00e3o online ir\u00e1 aprender: Compreender as rela\u00e7\u00f5es de dados entre os diferentes tipos de mapas na ECU Como compreender os valores e as limita\u00e7\u00f5es atuais das exist\u00eancias em ecus Descobrir pistas escondidas [&hellip;]<\/p>\n","protected":false},"featured_media":56559,"comment_status":"open","ping_status":"closed","template":"","meta":{"_acf_changed":false},"product_brand":[21146,19675],"product_cat":[24689,24605,24599,24714,24415,24416,24418,24597],"product_tag":[15306,15307,15309],"class_list":{"0":"post-51109","1":"product","2":"type-product","3":"status-publish","4":"has-post-thumbnail","6":"product_brand-evc","7":"product_brand-winols","8":"product_cat-cursos-de-formacao-online-sobre-tuning","9":"product_cat-formacao-diesel-tuning","10":"product_cat-formacao-tuning-por-tipo-de-veiculo","11":"product_cat-formacao-em-ajuste-de-software","12":"product_cat-formacao-em-tuning-para-todos-os-veiculos","13":"product_cat-treinamento-evc-winols","14":"product_cat-formacao-em-afinacao-eletronica-evc","15":"product_cat-formacao-tuning-por-nivel","16":"product_tag-evc-pt-pt","17":"product_tag-evc-winols-pt-pt","18":"product_tag-evc-winols-diesel-pt-pt","20":"first","21":"instock","22":"taxable","23":"shipping-taxable","24":"purchasable","25":"product-type-simple"},"acf":[],"_links":{"self":[{"href":"https:\/\/remap-staging.24livehost.com\/pt-pt\/wp-json\/wp\/v2\/product\/51109","targetHints":{"allow":["GET"]}}],"collection":[{"href":"https:\/\/remap-staging.24livehost.com\/pt-pt\/wp-json\/wp\/v2\/product"}],"about":[{"href":"https:\/\/remap-staging.24livehost.com\/pt-pt\/wp-json\/wp\/v2\/types\/product"}],"replies":[{"embeddable":true,"href":"https:\/\/remap-staging.24livehost.com\/pt-pt\/wp-json\/wp\/v2\/comments?post=51109"}],"wp:featuredmedia":[{"embeddable":true,"href":"https:\/\/remap-staging.24livehost.com\/pt-pt\/wp-json\/wp\/v2\/media\/56559"}],"wp:attachment":[{"href":"https:\/\/remap-staging.24livehost.com\/pt-pt\/wp-json\/wp\/v2\/media?parent=51109"}],"wp:term":[{"taxonomy":"product_brand","embeddable":true,"href":"https:\/\/remap-staging.24livehost.com\/pt-pt\/wp-json\/wp\/v2\/product_brand?post=51109"},{"taxonomy":"product_cat","embeddable":true,"href":"https:\/\/remap-staging.24livehost.com\/pt-pt\/wp-json\/wp\/v2\/product_cat?post=51109"},{"taxonomy":"product_tag","embeddable":true,"href":"https:\/\/remap-staging.24livehost.com\/pt-pt\/wp-json\/wp\/v2\/product_tag?post=51109"}],"curies":[{"name":"wp","href":"https:\/\/api.w.org\/{rel}","templated":true}]}}