{"id":109350,"date":"2026-01-28T16:37:17","date_gmt":"2026-01-28T16:37:17","guid":{"rendered":"https:\/\/remap-staging.24livehost.com\/?post_type=product&#038;p=109350"},"modified":"2026-02-11T10:41:35","modified_gmt":"2026-02-11T10:41:35","slug":"curso-introducao-winols-certificacao-evc","status":"publish","type":"product","link":"https:\/\/remap-staging.24livehost.com\/pt-pt\/produto\/curso-introducao-winols-certificacao-evc\/","title":{"rendered":"Curso presencial de 3 dias de Introdu\u00e7\u00e3o ao WinOLS com certifica\u00e7\u00e3o EVC"},"content":{"rendered":"<h2>Curso presencial de 3 dias de Introdu\u00e7\u00e3o ao WinOLS com certifica\u00e7\u00e3o EVC<\/h2>\n<p><strong data-start=\"82\" data-end=\"94\">Localiza\u00e7\u00e3o<\/strong>: VIEZU UK HQ, Warwickshire, Reino Unido<br \/>\n<strong data-start=\"113\" data-end=\"122\">Datas<\/strong>: em 2026: Gas\u00f3leo &#8211; 24-26 de mar\u00e7o; 1-3 de julho; 2-4 de setembro. Gasolina &#8211; 30 de mar\u00e7o &#8211; 1 de abril; 6-8 de julho; 5-7 de outubro <br data-start=\"170\" data-end=\"173\" \/><strong data-start=\"173\" data-end=\"185\">L\u00edngua<\/strong>: O curso ser\u00e1 ministrado em ingl\u00eas<br data-start=\"222\" data-end=\"225\" \/><strong data-start=\"225\" data-end=\"234\">N\u00edvel<\/strong>: Iniciante \/ Iniciado<br data-start=\"244\" data-end=\"247\" \/><strong data-start=\"247\" data-end=\"266\">Foco no tipo de combust\u00edvel<\/strong>: Cursos para Gasolina e para Diesel<br data-start=\"281\" data-end=\"284\" \/><strong data-start=\"284\" data-end=\"302\">Foco no software<\/strong>: EVC WinOLS5<\/p>\n<p>&nbsp;<\/p>\n<p>Aprende a editar ficheiros reais utilizando o EVC WinOLS5 com os nossos cursos oficiais de forma\u00e7\u00e3o em sala de aula\/oficina de 3 dias com certifica\u00e7\u00e3o EVC Introduction to WinOLS.<\/p>\n<p>&nbsp;<\/p>\n<p>Quer estejas a iniciar-te na afina\u00e7\u00e3o ou estejas pronto para consolidar as tuas compet\u00eancias WinOLS de uma forma estruturada, este curso oferece uma forma\u00e7\u00e3o completa, organizada e profissional para afinadores que trabalham com diesel ou gasolina.<\/p>\n<p>&nbsp;<\/p>\n<p class=\"\" data-start=\"413\" data-end=\"751\">O formador para estes eventos de forma\u00e7\u00e3o de afina\u00e7\u00e3o \u00e9 o certificado EVC e <a href=\"https:\/\/remap-staging.24livehost.com\/pt-pt\/simon-white\/\">o famoso afinador e formador de afina\u00e7\u00e3o sediado no Reino Unido, Simon White<\/a> &#8211; diretor t\u00e9cnico e diretor-geral da Viezu Technologies. Trata-se de uma forma\u00e7\u00e3o pr\u00e1tica especializada ministrada por afinadores experientes do mundo real.<\/p>\n<p class=\"\" data-start=\"1153\" data-end=\"1593\">Estes cursos destinam-se ao n\u00edvel de principiante. Oferecem-lhe uma introdu\u00e7\u00e3o completa e estruturada ao conceito e \u00e0 interface do utilizador do WinOLS e d\u00e3o-lhe o conhecimento e a confian\u00e7a necess\u00e1rios para lidar com uma s\u00e9rie de projectos pr\u00e1ticos de tuning. Estes cursos d\u00e3o-te uma base s\u00f3lida para desenvolveres as tuas capacidades de tuning do WinOLS com os cursos de forma\u00e7\u00e3o interm\u00e9dios e avan\u00e7ados do WinOLS da Viezu.<\/p>\n<p data-start=\"1153\" data-end=\"1593\">Se tiveres d\u00favidas ou necessidades espec\u00edficas de forma\u00e7\u00e3o, contacta-nos em <a href=\"mailto:info@viezu.com\">info@viezu.com<\/a> ou atrav\u00e9s do n\u00famero +44 (0)1789 774444 &#8211; podemos discutir os teus requisitos e preparar-te.<\/p>\n<p data-start=\"1153\" data-end=\"1593\">Os grupos s\u00e3o pequenos nos nossos cursos, pelo que podemos adaptar o conte\u00fado \u00e0 tua medida. Aconselhamos-te a contactar o formador principal Simon White com anteced\u00eancia para discutir quaisquer t\u00f3picos espec\u00edficos que gostarias de abordar. Por exemplo, se trabalhas com ve\u00edculos ou motores espec\u00edficos, podemos inclu\u00ed-los nos nossos exemplos de projectos no curso.<\/p>\n<p>&nbsp;<\/p>\n<p>&nbsp;<\/p>\n<p><b><span data-contrast=\"auto\">Vis\u00e3o geral detalhada do curso<\/span><\/b><\/p>\n<p>&nbsp;<\/p>\n<p><b><span data-contrast=\"auto\">O que \u00e9 que cobre:<\/span><\/b><\/p>\n<ul>\n<li>Uma introdu\u00e7\u00e3o completa e estruturada ao conceito e \u00e0 interface do WinOLS<\/li>\n<li><span data-contrast=\"auto\">L\u00f3gica e estrutura da UCE nas principais plataformas <\/span><\/li>\n<li><span data-contrast=\"auto\">Grupos de mapas principais<\/span><\/li>\n<li><span data-contrast=\"auto\">Identificar e agrupar mapas utilizando padr\u00f5es e estruturas WinOLS<\/span><\/li>\n<li><span data-contrast=\"auto\">L\u00ea e interpreta os principais dados do dinam\u00f3metro e do registo<\/span><\/li>\n<li><span data-contrast=\"auto\">Compreender os princ\u00edpios de utiliza\u00e7\u00e3o dos ficheiros existentes da tua base de dados WinOLS:<\/span>\n<ul>\n<li><span data-contrast=\"auto\">Compara\u00e7\u00e3o de ficheiros stock vs tunados<\/span><\/li>\n<li><span data-contrast=\"auto\">Adaptar as melodias a vers\u00f5es de software semelhantes<\/span><\/li>\n<li><span data-contrast=\"auto\">Gest\u00e3o de projectos limpa com mapas, coment\u00e1rios e controlo de vers\u00f5es<\/span><\/li>\n<\/ul>\n<\/li>\n<\/ul>\n<p><b><span data-contrast=\"auto\">Aprender\u00e1s:<\/span><\/b><\/p>\n<ul>\n<li>Como navegar e utilizar eficazmente o WinOLS com um bom n\u00edvel b\u00e1sico<\/li>\n<li><span data-contrast=\"auto\">Como \u00e9 que as UEC calculam a carga, o combust\u00edvel e a regula\u00e7\u00e3o<\/span><\/li>\n<li><span data-contrast=\"auto\">Como identificar rapidamente os mapas de afina\u00e7\u00e3o principais<\/span><\/li>\n<li><span data-contrast=\"auto\">Como ler, interpretar e aplicar os principais dados do dinam\u00f3metro e do registo<\/span><\/li>\n<li><span data-contrast=\"auto\">Como reutilizar e adaptar calibra\u00e7\u00f5es existentes atrav\u00e9s das funcionalidades de importa\u00e7\u00e3o\/compara\u00e7\u00e3o do WinOLS<\/span><\/li>\n<li><span data-contrast=\"auto\">Como construir estruturas de projeto limpas e profissionais, prontas para o trabalho de calibra\u00e7\u00e3o<\/span><\/li>\n<\/ul>\n<p>&nbsp;<\/p>\n<p><b><span data-contrast=\"auto\">Resultados de aprendizagem do curso<\/span><\/b><\/p>\n<p><strong>No final dos 3 dias, ser\u00e1s capaz de: <\/strong><\/p>\n<ul>\n<li>Navega com confian\u00e7a e utiliza eficazmente o WinOLS<\/li>\n<li>Utiliza praticamente o WinOLS para uma s\u00e9rie de projectos de afina\u00e7\u00e3o<\/li>\n<li><span data-contrast=\"auto\">Identifica, compreende e afina com confian\u00e7a os grupos de mapas da ECU<\/span><\/li>\n<li><span data-contrast=\"auto\">Constr\u00f3i e organiza projectos WinOLS de uma forma limpa e profissional<\/span><\/li>\n<li><span data-contrast=\"auto\">L\u00ea, interpreta e aplica os principais dados de dyno\/log<\/span><\/li>\n<li><span data-contrast=\"auto\">Fornece calibra\u00e7\u00f5es completas, seguras e bem estruturadas<\/span><\/li>\n<\/ul>\n<p>&nbsp;<\/p>\n<p>&nbsp;<\/p>\n<p>&nbsp;<\/p>\n<p>&nbsp;<\/p>\n<h2>Porqu\u00ea fazer um curso de forma\u00e7\u00e3o WinOLS com a Remap 101?<\/h2>\n<ul>\n<li>Sess\u00f5es estruturadas em sala de aula &#8211; aprende pessoalmente com o apoio real de um tutor<\/li>\n<li>Concentra-te na afina\u00e7\u00e3o do mundo real e n\u00e3o apenas em apresenta\u00e7\u00f5es de software<\/li>\n<li>Fornecido por calibradores profissionais, n\u00e3o por representantes de ferramentas<\/li>\n<li>Grupos pequenos para garantir um feedback individual e uma experi\u00eancia pr\u00e1tica<\/li>\n<li>Aprende a utilizar corretamente o WinOLS &#8211; como uma ferramenta profissional<\/li>\n<li>Certifica\u00e7\u00e3o oficial EVC WinOLS e certificado da Viezu Technical Academy emitidos ap\u00f3s a conclus\u00e3o do curso com sucesso<\/li>\n<\/ul>\n<h2><\/h2>\n<p>&nbsp;<\/p>\n<h2>Como reservar o teu lugar no curso de forma\u00e7\u00e3o EVC-Certified WinOLS<\/h2>\n<h3>Escolhe o teu tipo de combust\u00edvel<\/h3>\n<ul>\n<li>Gas\u00f3leo<\/li>\n<li>Gasolina<\/li>\n<\/ul>\n<h3>Escolhe a tua data<\/h3>\n<p>Reserva o teu curso de forma\u00e7\u00e3o online ou contacta a equipa de forma\u00e7\u00e3o para obteres orienta\u00e7\u00e3o.<\/p>\n<p>&nbsp;<\/p>\n<h2>N\u00e3o tens a certeza de qual o curso de forma\u00e7\u00e3o Tuning mais adequado para ti?<\/h2>\n<p>Se n\u00e3o tiveres a certeza de qual o curso de forma\u00e7\u00e3o que melhor se adequa a ti, teremos todo o gosto em ajudar. Se n\u00e3o tens a certeza do n\u00edvel que precisas ou se est\u00e1s pronto para progredir, a nossa equipa falar\u00e1 contigo e ajudar-te-\u00e1 &#8211; sem press\u00e3o, apenas respostas diretas baseadas na tua experi\u00eancia atual.<\/p>\n<p>Telefona: <a href=\"tel:+44%20(0)1789%20774444\">+44 (0)1789 774444<\/a> ou Email: <a href=\"mailto:info@viezu.com\">info@viezu.com<\/a><\/p>\n","protected":false},"excerpt":{"rendered":"<div>\n<p>Forma\u00e7\u00e3o presencial em tuning WinOLS5 certificada pela EVC no Reino Unido. Dura\u00e7\u00e3o do curso: 3 dias. Escolhe o tipo de combust\u00edvel e a data do curso e reserva o teu lugar abaixo.<\/p>\n<\/div>\n<p>Podes garantir o teu lugar com um dep\u00f3sito de 500GBP. [V\u00ea todos os <a href=\"https:\/\/remap-staging.24livehost.com\/pt-pt\/terms\/\">termos e condi\u00e7\u00f5es<\/a>]<\/p>\n<p>&nbsp;<\/p>\n<p><strong>BENEF\u00cdCIOS \u00daNICOS DA FORMA\u00c7\u00c3O VIEZU:<\/strong> ap\u00f3s o curso, continuamos a ajudar-te a desenvolver o teu neg\u00f3cio de tuning:<\/p>\n<ul>\n<li>apoio cont\u00ednuo da equipa t\u00e9cnica da Viezu<\/li>\n<li>acesso a materiais de forma\u00e7\u00e3o actualizados e mappacks avan\u00e7ados<\/li>\n<li>apoio a projectos personalizados com desconto da rede Viezu<\/li>\n<\/ul>\n<div>\n<div>\n<hr \/>\n<div>\n<div>\n<p><strong>Conversa sobre afina\u00e7\u00e3o: junta-te \u00e0 nossa comunidade em linha<\/strong><\/p>\n<\/div>\n<p>N\u00e3o esperes &#8211; podes come\u00e7ar a partilhar conhecimentos agora com os teus colegas. Fala sobre afina\u00e7\u00e3o, remapeamento, calibra\u00e7\u00e3o &#8211; junta-te \u00e0 nossa comunidade de afinadores profissionais com ideias semelhantes no nosso grupo do Facebook &#8211; o<strong> <a href=\"https:\/\/www.facebook.com\/groups\/guildoftuners\">Gr\u00e9mio de Afinadores<\/a><\/strong><\/p>\n<ul>\n<li>Webinars e masterclasses em linha gratuitos<\/li>\n<li>Conhecimentos de ponta sobre a tecnologia de afina\u00e7\u00e3o<\/li>\n<li>Mant\u00e9m-te atualizado &#8211; \u00faltimas actualiza\u00e7\u00f5es de especialistas em ferramentas e software<\/li>\n<\/ul>\n<\/div>\n<\/div>\n<\/div>\n","protected":false},"featured_media":109497,"comment_status":"closed","ping_status":"closed","template":"","meta":{"_acf_changed":false},"product_brand":[21146,19675],"product_cat":[24595,24417,24605,24599,24606,24603,24714,24601,24415,24416,24418,24604,24602,24600,24596,24597,24598],"product_tag":[24608,24607,22491,22488,15215,22490,15485,20498],"class_list":{"0":"post-109350","1":"product","2":"type-product","3":"status-publish","4":"has-post-thumbnail","6":"product_brand-evc","7":"product_brand-winols","8":"product_cat-cursos-de-formacao-tuning-no-reino-unido","9":"product_cat-cursos-presenciais-de-formacao-tuning","10":"product_cat-formacao-diesel-tuning","11":"product_cat-formacao-tuning-por-tipo-de-veiculo","12":"product_cat-formacao-em-tuning-gasolina-gasolina","13":"product_cat-formacao-em-tuning-de-motos","14":"product_cat-formacao-em-ajuste-de-software","15":"product_cat-formacao-em-afinacao-de-tractores","16":"product_cat-formacao-em-tuning-para-todos-os-veiculos","17":"product_cat-treinamento-evc-winols","18":"product_cat-formacao-em-afinacao-eletronica-evc","19":"product_cat-formacao-em-tuning-por-tipo-de-motor","20":"product_cat-formacao-em-afinacao-de-barcos","21":"product_cat-formacao-em-tuning-automovel","22":"product_cat-formacao-sobre-o-brand-tuning","23":"product_cat-formacao-tuning-por-nivel","24":"product_cat-formacao-tuning-para-principiantes","25":"product_tag-evc-formacao-oficial-winols","26":"product_tag-formacao-certificada-evc","27":"product_tag-formacao-de-afinacao-em-sala-de-aula","28":"product_tag-sala-de-aula-evc-winols","29":"product_tag-software-de-ajuste-winols-5-evc","30":"product_tag-treinamento-de-ajuste-de-chip-pt-pt","31":"product_tag-treinamento-winols","32":"product_tag-winols-pt-pt","33":"product_shipping_class-nao-e-necessario-envio","35":"first","36":"outofstock","37":"purchasable","38":"product-type-variable","39":"has-default-attributes"},"acf":[],"_links":{"self":[{"href":"https:\/\/remap-staging.24livehost.com\/pt-pt\/wp-json\/wp\/v2\/product\/109350","targetHints":{"allow":["GET"]}}],"collection":[{"href":"https:\/\/remap-staging.24livehost.com\/pt-pt\/wp-json\/wp\/v2\/product"}],"about":[{"href":"https:\/\/remap-staging.24livehost.com\/pt-pt\/wp-json\/wp\/v2\/types\/product"}],"replies":[{"embeddable":true,"href":"https:\/\/remap-staging.24livehost.com\/pt-pt\/wp-json\/wp\/v2\/comments?post=109350"}],"wp:featuredmedia":[{"embeddable":true,"href":"https:\/\/remap-staging.24livehost.com\/pt-pt\/wp-json\/wp\/v2\/media\/109497"}],"wp:attachment":[{"href":"https:\/\/remap-staging.24livehost.com\/pt-pt\/wp-json\/wp\/v2\/media?parent=109350"}],"wp:term":[{"taxonomy":"product_brand","embeddable":true,"href":"https:\/\/remap-staging.24livehost.com\/pt-pt\/wp-json\/wp\/v2\/product_brand?post=109350"},{"taxonomy":"product_cat","embeddable":true,"href":"https:\/\/remap-staging.24livehost.com\/pt-pt\/wp-json\/wp\/v2\/product_cat?post=109350"},{"taxonomy":"product_tag","embeddable":true,"href":"https:\/\/remap-staging.24livehost.com\/pt-pt\/wp-json\/wp\/v2\/product_tag?post=109350"}],"curies":[{"name":"wp","href":"https:\/\/api.w.org\/{rel}","templated":true}]}}