{"id":85748,"date":"2025-09-22T12:09:37","date_gmt":"2025-09-22T11:09:37","guid":{"rendered":"https:\/\/remap-staging.24livehost.com\/product\/vta1084-alientech-ecm-titanium-3-0-curso-on-line-de-ajuste-de-gasolina-modulo-2-de-4\/"},"modified":"2026-03-20T15:01:31","modified_gmt":"2026-03-20T15:01:31","slug":"vta1084-alientech-ecm-titanium-3-0-curso-on-line-de-ajuste-de-gasolina-modulo-2-de-4","status":"publish","type":"product","link":"https:\/\/remap-staging.24livehost.com\/pt-br\/produto\/vta1084-alientech-ecm-titanium-3-0-curso-on-line-de-ajuste-de-gasolina-modulo-2-de-4\/","title":{"rendered":"VTA1084: Alientech ECM Titanium 3.0: Curso on-line de ajuste de gasolina &#8211; M\u00f3dulo 2 de 4"},"content":{"rendered":"<h2 data-start=\"332\" data-end=\"394\">Alientech ECM Titanium 3.0: Curso on-line de ajuste de gasolina &#8211; M\u00f3dulo 2 de 4<\/h2>\n<p data-start=\"396\" data-end=\"767\">Domine a arte do remapeamento da ECU a gasolina &#8211; 100% on-line e projetado para se adequar \u00e0 sua agenda.<br data-start=\"485\" data-end=\"488\" \/>Esse treinamento se concentra no software ECM Titanium 3.0 da Alientech e oferece um caminho claro tanto para iniciantes quanto para profissionais experientes. Partindo de conceitos b\u00e1sicos, voc\u00ea avan\u00e7ar\u00e1 em dire\u00e7\u00e3o a habilidades avan\u00e7adas que podem ser aplicadas diretamente a projetos de ajuste do mundo real.<\/p>\n<p data-start=\"774\" data-end=\"799\"><strong data-start=\"776\" data-end=\"797\">O que voc\u00ea aprender\u00e1<\/strong><\/p>\n<ul data-start=\"879\" data-end=\"1195\">\n<li>Entendendo a estrat\u00e9gia baseada no ar<\/li>\n<li>Identifica\u00e7\u00e3o de valores de suporte para o ajuste de desempenho do est\u00e1gio 1<\/li>\n<li>Como a estrat\u00e9gia de ar limita a press\u00e3o do turbo<\/li>\n<li>Usando o pico de torque como ponto de refer\u00eancia<\/li>\n<li>Introdu\u00e7\u00e3o de medi\u00e7\u00f5es adicionais da press\u00e3o do ar<\/li>\n<li>Qual \u00e9 a finalidade dos mapas de avan\u00e7o de centelha M\u00ednimo, B\u00e1sico e \u00d3timo?<\/li>\n<li>Como os mapas de avan\u00e7o de fa\u00edsca oferecem suporte para um ajuste de desempenho de est\u00e1gio 1?<\/li>\n<li>Compreens\u00e3o da l\u00f3gica do eixo de press\u00e3o do trilho<\/li>\n<li>A finalidade do corte de combust\u00edvel dos mapas<\/li>\n<li>Como o mapa VVT suporta o ajuste de desempenho do est\u00e1gio 1<\/li>\n<\/ul>\n<p data-start=\"854\" data-end=\"878\"><strong data-start=\"857\" data-end=\"876\">Caracter\u00edsticas do curso<\/strong><\/p>\n<ul data-start=\"879\" data-end=\"1195\">\n<li data-start=\"879\" data-end=\"949\">\n<p data-start=\"881\" data-end=\"949\">Tutoriais em v\u00eddeo passo a passo com materiais de refer\u00eancia para download<\/p>\n<\/li>\n<li data-start=\"950\" data-end=\"1018\">\n<p data-start=\"952\" data-end=\"1018\">Progress\u00e3o estruturada para aumentar a confian\u00e7a e a habilidade pr\u00e1tica<\/p>\n<\/li>\n<li data-start=\"1019\" data-end=\"1076\">\n<p data-start=\"1021\" data-end=\"1076\">Question\u00e1rio interativo para testar e refor\u00e7ar seus conhecimentos<\/p>\n<\/li>\n<li data-start=\"1077\" data-end=\"1131\">\n<p data-start=\"1079\" data-end=\"1131\">Certificado de conclus\u00e3o inclu\u00eddo no curso<\/p>\n<\/li>\n<li data-start=\"1132\" data-end=\"1195\">\n<p data-start=\"1134\" data-end=\"1195\">Acesso vital\u00edcio &#8211; estude a qualquer hora, em qualquer lugar, no seu pr\u00f3prio ritmo<\/p>\n<\/li>\n<\/ul>\n<p data-start=\"1202\" data-end=\"1225\">\ud83d\udc68\u200d\ud83d\udd27 <strong data-start=\"1208\" data-end=\"1223\">Perfeito para voc\u00ea<\/strong><\/p>\n<ul data-start=\"1226\" data-end=\"1465\">\n<li data-start=\"1226\" data-end=\"1265\">\n<p data-start=\"1228\" data-end=\"1265\">Sintonizadores de ECU a gasolina novos ou aspirantes<\/p>\n<\/li>\n<li data-start=\"1266\" data-end=\"1324\">\n<p data-start=\"1268\" data-end=\"1324\">Profissionais de oficinas automotivas e remapeadores m\u00f3veis<\/p>\n<\/li>\n<li data-start=\"1325\" data-end=\"1393\">\n<p data-start=\"1327\" data-end=\"1393\">Usu\u00e1rios existentes do ECM Titanium que desejam treinamento estruturado sobre gasolina<\/p>\n<\/li>\n<li data-start=\"1394\" data-end=\"1465\">\n<p data-start=\"1396\" data-end=\"1465\">Qualquer pessoa que queira aumentar sua experi\u00eancia em ajuste de desempenho de gasolina<\/p>\n<\/li>\n<\/ul>\n<p data-start=\"1472\" data-end=\"1563\"><strong data-start=\"1475\" data-end=\"1561\">Comece hoje mesmo e adquira as habilidades para ajustar ECUs a gasolina com clareza e confian\u00e7a.<\/strong><\/p>\n<p data-start=\"1565\" data-end=\"1811\">Aprenda como remapear motores a gasolina usando o Alientech ECM Titanium 3.0 neste curso on-line detalhado. Com aulas guiadas, um teste pr\u00e1tico e um certificado de conclus\u00e3o, voc\u00ea desenvolver\u00e1 o conhecimento passo a passo, pronto para ser aplicado no mundo real.<\/p>\n","protected":false},"excerpt":{"rendered":"<p>Aprenda o remapeamento da ECU a gasolina com o ECM Titanium 3.0. Treinamento on-line com li\u00e7\u00f5es passo a passo, acesso vital\u00edcio e certificado de conclus\u00e3o.<\/p>\n","protected":false},"featured_media":77355,"comment_status":"closed","ping_status":"closed","template":"","meta":{"_acf_changed":false},"product_brand":[19674,19679],"product_cat":[14858,24690,24592,24582,24421,24425],"product_tag":[22996,22995,22997,22992,22999,23000,22994,22993,22998,23001],"class_list":{"0":"post-85748","1":"product","2":"type-product","3":"status-publish","4":"has-post-thumbnail","6":"product_brand-alientech","7":"product_brand-ecm-titanium","8":"product_cat-alientech-pt-br","9":"product_cat-cursos-de-treinamento-on-line-sobre-tuning","10":"product_cat-treinamento-de-ajuste-de-gasolina","11":"product_cat-treinamento-de-ajuste-de-marca","12":"product_cat-treinamento-de-ajuste-de-todos-os-veiculos","13":"product_cat-treinamento-em-ecm-titanium-pt-br","14":"product_tag-ajuste-de-ecm-gasolina","15":"product_tag-ajuste-de-gasolina-do-ecm","16":"product_tag-ajuste-de-gasolina-do-ecm-pt-br","17":"product_tag-ajuste-de-gasolina-do-ecm-titanium","18":"product_tag-aprenda-a-ajustar-a-gasolina-com-o-ecm","19":"product_tag-como-ajustar-a-gasolina-com-o-ecm","20":"product_tag-curso-de-treinamento-em-gas-ecm","21":"product_tag-curso-de-treinamento-em-gasolina-ecm-titanium","22":"product_tag-curso-online-de-gasoling-ecm","23":"product_tag-cursos-de-gasolina-da-alientech-pt-br","25":"first","26":"instock","27":"taxable","28":"shipping-taxable","29":"purchasable","30":"product-type-simple"},"acf":[],"_links":{"self":[{"href":"https:\/\/remap-staging.24livehost.com\/pt-br\/wp-json\/wp\/v2\/product\/85748","targetHints":{"allow":["GET"]}}],"collection":[{"href":"https:\/\/remap-staging.24livehost.com\/pt-br\/wp-json\/wp\/v2\/product"}],"about":[{"href":"https:\/\/remap-staging.24livehost.com\/pt-br\/wp-json\/wp\/v2\/types\/product"}],"replies":[{"embeddable":true,"href":"https:\/\/remap-staging.24livehost.com\/pt-br\/wp-json\/wp\/v2\/comments?post=85748"}],"wp:featuredmedia":[{"embeddable":true,"href":"https:\/\/remap-staging.24livehost.com\/pt-br\/wp-json\/wp\/v2\/media\/77355"}],"wp:attachment":[{"href":"https:\/\/remap-staging.24livehost.com\/pt-br\/wp-json\/wp\/v2\/media?parent=85748"}],"wp:term":[{"taxonomy":"product_brand","embeddable":true,"href":"https:\/\/remap-staging.24livehost.com\/pt-br\/wp-json\/wp\/v2\/product_brand?post=85748"},{"taxonomy":"product_cat","embeddable":true,"href":"https:\/\/remap-staging.24livehost.com\/pt-br\/wp-json\/wp\/v2\/product_cat?post=85748"},{"taxonomy":"product_tag","embeddable":true,"href":"https:\/\/remap-staging.24livehost.com\/pt-br\/wp-json\/wp\/v2\/product_tag?post=85748"}],"curies":[{"name":"wp","href":"https:\/\/api.w.org\/{rel}","templated":true}]}}