{"id":85481,"date":"2025-11-24T12:48:32","date_gmt":"2025-11-24T12:48:32","guid":{"rendered":"https:\/\/remap-staging.24livehost.com\/product\/vta2023-como-ler-e-gravar-uma-ecu-autotuner-para-credenciamento-imi\/"},"modified":"2026-02-04T09:43:47","modified_gmt":"2026-02-04T09:43:47","slug":"vta2023-como-ler-e-gravar-uma-ecu-autotuner-para-credenciamento-imi","status":"publish","type":"product","link":"https:\/\/remap-staging.24livehost.com\/pt-br\/produto\/vta2023-como-ler-e-gravar-uma-ecu-autotuner-para-credenciamento-imi\/","title":{"rendered":"VTA2023: Como ler e gravar uma ECU &#8211; Autotuner para credenciamento IMI"},"content":{"rendered":"<h2>Saiba como ler e gravar uma ECU usando o equipamento de ajuste de ve\u00edculos AutoTuner<\/h2>\n<h3>Li\u00e7\u00f5es do AutoTuner:<\/h3>\n<ol>\n<li>Ferramenta AutoTuner &#8211; M\u00e9todo de ajuste OBD<\/li>\n<li>Ferramenta AutoTuner &#8211; M\u00e9todo de ajuste de bancada<\/li>\n<li>Ferramenta AutoTuner &#8211; M\u00e9todo de ajuste de inicializa\u00e7\u00e3o<\/li>\n<\/ol>\n<p><span style=\"font-family: var(--global-body-font-family);\">Cada li\u00e7\u00e3o \u00e9 seguida de um teste de 30 minutos para voc\u00ea responder a 20 perguntas em um formato de m\u00faltipla escolha.<\/span><\/p>\n<p><img decoding=\"async\" class=\"alignnone wp-image-56179 size-medium\" src=\"https:\/\/remap-staging.24livehost.com\/wp-content\/uploads\/2025\/02\/autotuner-tool-5-1-300x300.jpg\" alt=\"\" width=\"300\" height=\"300\" srcset=\"https:\/\/remap-staging.24livehost.com\/wp-content\/uploads\/2025\/02\/autotuner-tool-5-1-300x300.jpg 300w, https:\/\/remap-staging.24livehost.com\/wp-content\/uploads\/2025\/02\/autotuner-tool-5-1-150x150.jpg 150w, https:\/\/remap-staging.24livehost.com\/wp-content\/uploads\/2025\/02\/autotuner-tool-5-1-50x50.jpg 50w, https:\/\/remap-staging.24livehost.com\/wp-content\/uploads\/2025\/02\/autotuner-tool-5-1-80x80.jpg 80w, https:\/\/remap-staging.24livehost.com\/wp-content\/uploads\/2025\/02\/autotuner-tool-5-1-263x263.jpg 263w, https:\/\/remap-staging.24livehost.com\/wp-content\/uploads\/2025\/02\/autotuner-tool-5-1-100x100.jpg 100w, https:\/\/remap-staging.24livehost.com\/wp-content\/uploads\/2025\/02\/autotuner-tool-5-1-255x255.jpg 255w, https:\/\/remap-staging.24livehost.com\/wp-content\/uploads\/2025\/02\/autotuner-tool-5-1-400x400.jpg 400w, https:\/\/remap-staging.24livehost.com\/wp-content\/uploads\/2025\/02\/autotuner-tool-5-1.jpg 460w\" sizes=\"(max-width: 300px) 100vw, 300px\" \/><\/p>\n<h2>Por que escolher a Remap 101 para o treinamento de ajuste?<\/h2>\n<p>Escolha a Remap 101 para o seu Treinamento de Tuning de Ve\u00edculos e beneficie-se de nossa ampla experi\u00eancia e de nossa ampla gama de cursos, aulas e programas de treinamento de tuning. Atendemos a todos os n\u00edveis de experi\u00eancia, com cursos adequados para iniciantes at\u00e9 afinadores avan\u00e7ados. Para que voc\u00ea tenha um gostinho do nosso treinamento l\u00edder do setor, tamb\u00e9m oferecemos <a href=\"https:\/\/remap-staging.24livehost.com\/pt-br\/course-category\/treinamento-gratuito-de-ajuste-de-veiculos\/\">cursos gratuitos de treinamento em tuning de ve\u00edculos<\/a>, permitindo que voc\u00ea experimente em primeira m\u00e3o a qualidade do nosso ensino e a profundidade do nosso conhecimento.<\/p>\n","protected":false},"excerpt":{"rendered":"<p>Saiba como ler e gravar uma ECU usando o equipamento de ajuste de ve\u00edculos AutoTuner Li\u00e7\u00f5es do AutoTuner: Ferramenta AutoTuner &#8211; M\u00e9todo de ajuste OBD Ferramenta AutoTuner &#8211; M\u00e9todo de ajuste de bancada Ferramenta AutoTuner &#8211; M\u00e9todo de ajuste de inicializa\u00e7\u00e3o Cada li\u00e7\u00e3o \u00e9 seguida de um teste de 30 minutos para voc\u00ea responder a [&hellip;]<\/p>\n","protected":false},"featured_media":56186,"comment_status":"closed","ping_status":"closed","template":"","meta":{"_acf_changed":false},"product_brand":[19677],"product_cat":[14966,24582,24421,24453],"product_tag":[],"class_list":{"0":"post-85481","1":"product","2":"type-product","3":"status-publish","4":"has-post-thumbnail","6":"product_brand-autotuner","7":"product_cat-sintonizador-automatico","8":"product_cat-treinamento-de-ajuste-de-marca","9":"product_cat-treinamento-de-ajuste-de-todos-os-veiculos","10":"product_cat-treinamento-de-ajuste-do-autotuner","12":"first","13":"instock","14":"taxable","15":"shipping-taxable","16":"purchasable","17":"product-type-simple"},"acf":[],"_links":{"self":[{"href":"https:\/\/remap-staging.24livehost.com\/pt-br\/wp-json\/wp\/v2\/product\/85481","targetHints":{"allow":["GET"]}}],"collection":[{"href":"https:\/\/remap-staging.24livehost.com\/pt-br\/wp-json\/wp\/v2\/product"}],"about":[{"href":"https:\/\/remap-staging.24livehost.com\/pt-br\/wp-json\/wp\/v2\/types\/product"}],"replies":[{"embeddable":true,"href":"https:\/\/remap-staging.24livehost.com\/pt-br\/wp-json\/wp\/v2\/comments?post=85481"}],"wp:featuredmedia":[{"embeddable":true,"href":"https:\/\/remap-staging.24livehost.com\/pt-br\/wp-json\/wp\/v2\/media\/56186"}],"wp:attachment":[{"href":"https:\/\/remap-staging.24livehost.com\/pt-br\/wp-json\/wp\/v2\/media?parent=85481"}],"wp:term":[{"taxonomy":"product_brand","embeddable":true,"href":"https:\/\/remap-staging.24livehost.com\/pt-br\/wp-json\/wp\/v2\/product_brand?post=85481"},{"taxonomy":"product_cat","embeddable":true,"href":"https:\/\/remap-staging.24livehost.com\/pt-br\/wp-json\/wp\/v2\/product_cat?post=85481"},{"taxonomy":"product_tag","embeddable":true,"href":"https:\/\/remap-staging.24livehost.com\/pt-br\/wp-json\/wp\/v2\/product_tag?post=85481"}],"curies":[{"name":"wp","href":"https:\/\/api.w.org\/{rel}","templated":true}]}}