{"id":110507,"date":"2025-08-11T13:34:45","date_gmt":"2025-08-11T12:34:45","guid":{"rendered":"https:\/\/remap-staging.24livehost.com\/product\/vta1081-alientech-ecm-titanium-3-0-diesel-tuning-course-online-module-3-of-4\/"},"modified":"2026-03-17T17:03:35","modified_gmt":"2026-03-17T17:03:35","slug":"vta1081-alientech-ecm-titanium-3-0-diesel-tuning-course-online-module-3-of-4","status":"publish","type":"product","link":"https:\/\/remap-staging.24livehost.com\/pt-br\/produto\/vta1081-alientech-ecm-titanium-3-0-diesel-tuning-course-online-module-3-of-4\/","title":{"rendered":"VTA1081: Alientech ECM Titanium 3.0: Curso on-line de ajuste de diesel &#8211; M\u00f3dulo 3 de 4"},"content":{"rendered":"<h3><strong>Aprenda a remapear ECUs a diesel com confian\u00e7a &#8211; com este curso de ajuste de diesel Alientech ECM Titanium 3.0 &#8211; 100% on-line e no seu pr\u00f3prio ritmo<\/strong><\/h3>\n<p>Esse curso de ajuste de diesel ECM Titanium 3.0 <strong>da Alientech<\/strong> foi desenvolvido com base no <strong>software ECM Titanium 3.0 da Alientech<\/strong> e \u00e9 ideal tanto para iniciantes quanto para t\u00e9cnicos em atividade. Voc\u00ea seguir\u00e1 um caminho de aprendizado progressivo que come\u00e7a com o b\u00e1sico e vai se desenvolvendo at\u00e9 chegar \u00e0s habilidades de ajuste do mundo real. <\/p>\n<h3><strong>O que voc\u00ea aprender\u00e1 &#8211; M\u00f3dulo 3 de 4<\/strong><\/h3>\n<ul>\n<li>Como identificar os mapas de solicita\u00e7\u00e3o de press\u00e3o do trilho<\/li>\n<li>Compreens\u00e3o de como a press\u00e3o suporta o fornecimento de combust\u00edvel<\/li>\n<li>Correspond\u00eancia da quantidade de combust\u00edvel com os valores de press\u00e3o<\/li>\n<li>Reconhecimento de mapas de limitadores n\u00e3o essenciais<\/li>\n<li>Confirma\u00e7\u00e3o do suporte da ECU para maior consumo de combust\u00edvel no ajuste do Est\u00e1gio 1<\/li>\n<li>Rela\u00e7\u00e3o entre a press\u00e3o do turbo e os limitadores de press\u00e3o<\/li>\n<li>A finalidade do ciclo de trabalho de geometria vari\u00e1vel<\/li>\n<li>Identifica\u00e7\u00e3o da capacidade suportada para maior desempenho na ECU<\/li>\n<li>Como definir uma meta de torque realista, usando li\u00e7\u00f5es anteriores para justificar um aumento seguro<\/li>\n<li>Como modificar a solicita\u00e7\u00e3o de torque para o ajuste de desempenho do est\u00e1gio 1<\/li>\n<li>Como usar t\u00e9cnicas como interpola\u00e7\u00e3o e ajustes em etapas<\/li>\n<li>Como desenvolver um ajuste de desempenho de est\u00e1gio 1 suave e progressivo ao modificar os limitadores de torque<\/li>\n<\/ul>\n<h3><strong>\ud83d\udcd8 Caracter\u00edsticas do curso<\/strong><\/h3>\n<ul>\n<li>Tutoriais em v\u00eddeo, notas para download e orienta\u00e7\u00f5es sobre arquivos<\/li>\n<li><strong>Estrutura de aprendizagem progressiva<\/strong> &#8211; construa confian\u00e7a passo a passo<\/li>\n<li><strong>Question\u00e1rio pr\u00e1tico<\/strong> para testar seus conhecimentos<\/li>\n<li><strong>Certificado de conclus\u00e3o<\/strong> incluso<\/li>\n<li>Acesso vital\u00edcio &#8211; aprenda quando e onde for conveniente para voc\u00ea<\/li>\n<\/ul>\n<h3><strong>\ud83d\udc68\u200d\ud83d\udd27 Perfeito para<\/strong><\/h3>\n<ul>\n<li>Sintonizadores de ECU diesel novos ou promissores<\/li>\n<li>Profissionais de oficina e remapeadores m\u00f3veis<\/li>\n<li>Usu\u00e1rios existentes do ECM Titanium que buscam treinamento estruturado<\/li>\n<li>Qualquer pessoa que queira expandir o ajuste de desempenho do diesel<\/li>\n<\/ul>\n<h3><strong>Aprenda a ajustar a ECU do diesel da maneira certa &#8211; de forma clara, profissional e pronta para o mundo real.<\/strong><\/h3>\n","protected":false},"excerpt":{"rendered":"<p>Neste curso de Tuning Diesel Alientech ECM Titanium 3.0, aprenda a remapear ECUs diesel usando este curso online passo a passo. Desenvolva suas habilidades com aulas guiadas, um teste pr\u00e1tico e ganhe um certificado de conclus\u00e3o \u2014 tudo no seu pr\u00f3prio ritmo. <\/p>\n","protected":false},"featured_media":77355,"comment_status":"closed","ping_status":"closed","template":"","meta":{"_acf_changed":false},"product_brand":[19674,19679],"product_cat":[14858,24690,24591,24582,24421,24425],"product_tag":[22113,22118,22120,22119,15271,22114,22117,22112,22115,22116],"class_list":{"0":"post-110507","1":"product","2":"type-product","3":"status-publish","4":"has-post-thumbnail","6":"product_brand-alientech","7":"product_brand-ecm-titanium","8":"product_cat-alientech-pt-br","9":"product_cat-cursos-de-treinamento-on-line-sobre-tuning","10":"product_cat-treinamento-de-ajuste-de-diesel","11":"product_cat-treinamento-de-ajuste-de-marca","12":"product_cat-treinamento-de-ajuste-de-todos-os-veiculos","13":"product_cat-treinamento-em-ecm-titanium-pt-br","14":"product_tag-ajuste-de-ecm-diesel","15":"product_tag-curso-de-treinamento-ecm-diesel","16":"product_tag-curso-online-de-ajuste-de-ecm-diesel-da-alientech","17":"product_tag-curso-online-ecm","18":"product_tag-ecm-titanium-pt-br","19":"product_tag-treinamento-alientech","20":"product_tag-treinamento-alientech-ecm-diesel","21":"product_tag-treinamento-de-ecm","22":"product_tag-treinamento-de-ecm-alientech","23":"product_tag-treinamento-online-alientech","25":"first","26":"instock","27":"taxable","28":"shipping-taxable","29":"purchasable","30":"product-type-simple"},"acf":[],"_links":{"self":[{"href":"https:\/\/remap-staging.24livehost.com\/pt-br\/wp-json\/wp\/v2\/product\/110507","targetHints":{"allow":["GET"]}}],"collection":[{"href":"https:\/\/remap-staging.24livehost.com\/pt-br\/wp-json\/wp\/v2\/product"}],"about":[{"href":"https:\/\/remap-staging.24livehost.com\/pt-br\/wp-json\/wp\/v2\/types\/product"}],"replies":[{"embeddable":true,"href":"https:\/\/remap-staging.24livehost.com\/pt-br\/wp-json\/wp\/v2\/comments?post=110507"}],"wp:featuredmedia":[{"embeddable":true,"href":"https:\/\/remap-staging.24livehost.com\/pt-br\/wp-json\/wp\/v2\/media\/77355"}],"wp:attachment":[{"href":"https:\/\/remap-staging.24livehost.com\/pt-br\/wp-json\/wp\/v2\/media?parent=110507"}],"wp:term":[{"taxonomy":"product_brand","embeddable":true,"href":"https:\/\/remap-staging.24livehost.com\/pt-br\/wp-json\/wp\/v2\/product_brand?post=110507"},{"taxonomy":"product_cat","embeddable":true,"href":"https:\/\/remap-staging.24livehost.com\/pt-br\/wp-json\/wp\/v2\/product_cat?post=110507"},{"taxonomy":"product_tag","embeddable":true,"href":"https:\/\/remap-staging.24livehost.com\/pt-br\/wp-json\/wp\/v2\/product_tag?post=110507"}],"curies":[{"name":"wp","href":"https:\/\/api.w.org\/{rel}","templated":true}]}}