{"id":109345,"date":"2026-01-28T16:37:17","date_gmt":"2026-01-28T16:37:17","guid":{"rendered":"https:\/\/remap-staging.24livehost.com\/?post_type=product&#038;p=109345"},"modified":"2026-02-11T10:40:01","modified_gmt":"2026-02-11T10:40:01","slug":"introducao-ao-winols-com-certificacao-evc","status":"publish","type":"product","link":"https:\/\/remap-staging.24livehost.com\/pt-br\/produto\/introducao-ao-winols-com-certificacao-evc\/","title":{"rendered":"Curso presencial de 3 dias de Introdu\u00e7\u00e3o ao WinOLS com certifica\u00e7\u00e3o EVC"},"content":{"rendered":"<h2>Curso presencial de 3 dias de Introdu\u00e7\u00e3o ao WinOLS com certifica\u00e7\u00e3o EVC<\/h2>\n<p><strong data-start=\"82\" data-end=\"94\">Localiza\u00e7\u00e3o<\/strong>: Sede da VIEZU no Reino Unido, Warwickshire, Reino Unido<br \/>\n<strong data-start=\"113\" data-end=\"122\">Datas<\/strong>: em 2026: Diesel &#8211; 24-26 de mar\u00e7o; 1-3 de julho; 2-4 de setembro. Gasolina &#8211; 30 de mar\u00e7o &#8211; 1 de abril; 6-8 de julho; 5-7 de outubro <br data-start=\"170\" data-end=\"173\" \/><strong data-start=\"173\" data-end=\"185\">Idioma<\/strong>: O curso ser\u00e1 ministrado em ingl\u00eas<br data-start=\"222\" data-end=\"225\" \/><strong data-start=\"225\" data-end=\"234\">N\u00edvel<\/strong>: Iniciante \/ Iniciante<br data-start=\"244\" data-end=\"247\" \/><strong data-start=\"247\" data-end=\"266\">Foco no tipo de combust\u00edvel<\/strong>: Cursos para gasolina e para diesel<br data-start=\"281\" data-end=\"284\" \/><strong data-start=\"284\" data-end=\"302\">Foco no software<\/strong>: EVC WinOLS5<\/p>\n<p>&nbsp;<\/p>\n<p>Aprenda a editar arquivos de verdade usando o EVC WinOLS5 com nossos cursos oficiais de treinamento em sala de aula\/oficina de 3 dias com certifica\u00e7\u00e3o EVC Introduction to WinOLS.<\/p>\n<p>&nbsp;<\/p>\n<p>Se voc\u00ea est\u00e1 apenas come\u00e7ando com o tuning ou se est\u00e1 pronto para consolidar suas habilidades no WinOLS de forma estruturada, este curso oferece treinamento profissional completo e organizado para tuners que trabalham com diesel ou gasolina.<\/p>\n<p>&nbsp;<\/p>\n<p class=\"\" data-start=\"413\" data-end=\"751\">O instrutor desses eventos de treinamento de tuning \u00e9 o <a href=\"https:\/\/remap-staging.24livehost.com\/pt-br\/simon-white\/\">renomado tuner e instrutor de tuning Simon White, certificado pela EVC e sediado no Reino Unido<\/a> &#8211; diretor t\u00e9cnico e diretor administrativo da Viezu Technologies. Trata-se de um treinamento pr\u00e1tico especializado ministrado por afinadores experientes do mundo real.<\/p>\n<p class=\"\" data-start=\"1153\" data-end=\"1593\">Esses cursos s\u00e3o voltados para o n\u00edvel iniciante. Eles oferecem a voc\u00ea uma introdu\u00e7\u00e3o completa e estruturada ao conceito e \u00e0 interface do usu\u00e1rio do WinOLS, al\u00e9m de proporcionar o conhecimento e a confian\u00e7a necess\u00e1rios para lidar com uma s\u00e9rie de projetos pr\u00e1ticos de ajuste. Esses cursos oferecem a voc\u00ea uma base s\u00f3lida para desenvolver ainda mais suas habilidades de ajuste do WinOLS com os cursos de treinamento Intermedi\u00e1rio e Avan\u00e7ado do WinOLS da Viezu.<\/p>\n<p data-start=\"1153\" data-end=\"1593\">Se voc\u00ea tiver alguma d\u00favida ou necessidade espec\u00edfica de treinamento, entre em contato conosco pelo <a href=\"mailto:info@viezu.com\">e-mail info@viezu.com<\/a> ou pelo telefone +44 (0)1789 774444 &#8211; podemos discutir seus requisitos e preparar voc\u00ea.<\/p>\n<p data-start=\"1153\" data-end=\"1593\">Os grupos s\u00e3o pequenos em nossos cursos, portanto, podemos personalizar o conte\u00fado para atender a voc\u00ea. Recomendamos que voc\u00ea entre em contato com o instrutor l\u00edder Simon White com anteced\u00eancia para discutir quaisquer t\u00f3picos espec\u00edficos que gostaria de abordar. Por exemplo, se voc\u00ea trabalha com ve\u00edculos ou motores espec\u00edficos, podemos inclu\u00ed-los em nossos projetos de exemplo no curso.<\/p>\n<p>&nbsp;<\/p>\n<p>&nbsp;<\/p>\n<p><b><span data-contrast=\"auto\">Vis\u00e3o geral detalhada do curso<\/span><\/b><\/p>\n<p>&nbsp;<\/p>\n<p><b><span data-contrast=\"auto\">O que est\u00e1 coberto:<\/span><\/b><\/p>\n<ul>\n<li>Uma introdu\u00e7\u00e3o completa e estruturada ao conceito e \u00e0 interface do WinOLS<\/li>\n<li><span data-contrast=\"auto\">L\u00f3gica e estrutura da ECU nas principais plataformas <\/span><\/li>\n<li><span data-contrast=\"auto\">Principais grupos de mapas<\/span><\/li>\n<li><span data-contrast=\"auto\">Identificar e agrupar mapas usando padr\u00f5es e estruturas do WinOLS<\/span><\/li>\n<li><span data-contrast=\"auto\">Leitura e interpreta\u00e7\u00e3o dos principais dados de dyno e registro<\/span><\/li>\n<li><span data-contrast=\"auto\">Compreender os princ\u00edpios do uso de arquivos existentes do seu banco de dados WinOLS:<\/span>\n<ul>\n<li><span data-contrast=\"auto\">Compara\u00e7\u00e3o entre arquivos de estoque e arquivos ajustados<\/span><\/li>\n<li><span data-contrast=\"auto\">Adapta\u00e7\u00e3o de m\u00fasicas em vers\u00f5es de software semelhantes<\/span><\/li>\n<li><span data-contrast=\"auto\">Gerenciamento de projetos limpo com mapeamentos, coment\u00e1rios e controle de vers\u00e3o<\/span><\/li>\n<\/ul>\n<\/li>\n<\/ul>\n<p><b><span data-contrast=\"auto\">Voc\u00ea aprender\u00e1:<\/span><\/b><\/p>\n<ul>\n<li>Como navegar e usar o WinOLS de forma eficaz com um bom padr\u00e3o b\u00e1sico<\/li>\n<li><span data-contrast=\"auto\">Como as ECUs calculam a carga, o combust\u00edvel e o tempo<\/span><\/li>\n<li><span data-contrast=\"auto\">Como identificar rapidamente os principais mapas de ajuste<\/span><\/li>\n<li><span data-contrast=\"auto\">Como ler, interpretar e aplicar os principais dados de dyno e registro<\/span><\/li>\n<li><span data-contrast=\"auto\">Como reutilizar e adaptar as calibra\u00e7\u00f5es existentes por meio dos recursos de importa\u00e7\u00e3o\/compara\u00e7\u00e3o do WinOLS<\/span><\/li>\n<li><span data-contrast=\"auto\">Como criar estruturas de projeto limpas e profissionais, prontas para o trabalho de calibra\u00e7\u00e3o<\/span><\/li>\n<\/ul>\n<p>&nbsp;<\/p>\n<p><b><span data-contrast=\"auto\">Resultados de aprendizado do curso<\/span><\/b><\/p>\n<p><strong>Ao final dos 3 dias, voc\u00ea ser\u00e1 capaz de: <\/strong><\/p>\n<ul>\n<li>Navegar com confian\u00e7a e usar o WinOLS com efici\u00eancia<\/li>\n<li>Use o WinOLS na pr\u00e1tica para uma s\u00e9rie de projetos de ajuste<\/li>\n<li><span data-contrast=\"auto\">Identifique, compreenda e ajuste com confian\u00e7a os grupos de mapas da ECU<\/span><\/li>\n<li><span data-contrast=\"auto\">Criar e organizar projetos WinOLS de forma limpa e profissional<\/span><\/li>\n<li><span data-contrast=\"auto\">Ler, interpretar e aplicar os principais dados de dyno\/log<\/span><\/li>\n<li><span data-contrast=\"auto\">Fornecer calibra\u00e7\u00f5es completas, seguras e bem estruturadas<\/span><\/li>\n<\/ul>\n<p>&nbsp;<\/p>\n<p>&nbsp;<\/p>\n<p>&nbsp;<\/p>\n<p>&nbsp;<\/p>\n<h2>Por que fazer um curso de treinamento em WinOLS com a Remap 101?<\/h2>\n<ul>\n<li>Sess\u00f5es estruturadas em sala de aula &#8211; aprenda pessoalmente com o apoio real de um tutor<\/li>\n<li>Concentre-se no ajuste do mundo real, e n\u00e3o apenas em orienta\u00e7\u00f5es sobre o software<\/li>\n<li>Fornecido por calibradores profissionais, n\u00e3o por representantes de ferramentas<\/li>\n<li>Grupos pequenos para garantir feedback individual e experi\u00eancia pr\u00e1tica<\/li>\n<li>Aprenda a usar o WinOLS corretamente &#8211; como uma ferramenta profissional<\/li>\n<li>Certifica\u00e7\u00e3o oficial EVC WinOLS e certificado da Viezu Technical Academy emitidos ap\u00f3s a conclus\u00e3o bem-sucedida do curso<\/li>\n<\/ul>\n<h2><\/h2>\n<p>&nbsp;<\/p>\n<h2>Como reservar o local do seu curso de treinamento WinOLS com certifica\u00e7\u00e3o EVC<\/h2>\n<h3>Escolha o tipo de combust\u00edvel que voc\u00ea deseja usar<\/h3>\n<ul>\n<li>Diesel<\/li>\n<li>Gasolina<\/li>\n<\/ul>\n<h3>Escolha sua data<\/h3>\n<p>Reserve seu curso de treinamento on-line ou entre em contato com a equipe de treinamento para obter orienta\u00e7\u00e3o.<\/p>\n<p>&nbsp;<\/p>\n<h2>N\u00e3o tem certeza de qual curso de treinamento em Tuning \u00e9 adequado para voc\u00ea?<\/h2>\n<p>Se voc\u00ea n\u00e3o tiver certeza de qual curso de treinamento \u00e9 mais adequado para voc\u00ea, teremos prazer em ajudar. Se voc\u00ea n\u00e3o tem certeza de qual n\u00edvel precisa ou se est\u00e1 pronto para progredir, nossa equipe conversar\u00e1 com voc\u00ea e o ajudar\u00e1 &#8211; sem press\u00e3o, apenas com respostas diretas baseadas na sua experi\u00eancia atual.<\/p>\n<p>Telefone: <a href=\"tel:+44%20(0)1789%20774444\">+44 (0)1789 774444<\/a> ou e-mail: <a href=\"mailto:info@viezu.com\">info@viezu.com<\/a><\/p>\n","protected":false},"excerpt":{"rendered":"<div>\n<p>Treinamento presencial de ajuste do WinOLS5 com certifica\u00e7\u00e3o EVC no Reino Unido. Dura\u00e7\u00e3o do curso: 3 dias. Escolha o tipo de combust\u00edvel, a data do curso e reserve sua vaga abaixo.<\/p>\n<\/div>\n<p>Voc\u00ea pode garantir sua vaga com um dep\u00f3sito de 500GBP. [Ver todos os <a href=\"https:\/\/remap-staging.24livehost.com\/pt-br\/terms\/\">termos e condi\u00e7\u00f5es]<\/a><\/p>\n<p>&nbsp;<\/p>\n<p><strong>BENEF\u00cdCIOS \u00daNICOS DO TREINAMENTO VIEZU:<\/strong> ap\u00f3s o curso, continuamos a ajudar voc\u00ea a expandir seu neg\u00f3cio de tuning:<\/p>\n<ul>\n<li>Suporte cont\u00ednuo da equipe t\u00e9cnica da Viezu<\/li>\n<li>acesso a materiais de treinamento atualizados e mapeamentos avan\u00e7ados<\/li>\n<li>Suporte a projetos personalizados com desconto da rede Viezu<\/li>\n<\/ul>\n<div>\n<div>\n<hr \/>\n<div>\n<div>\n<p><strong>Talk tuning: participe de nossa comunidade on-line<\/strong><\/p>\n<\/div>\n<p>N\u00e3o espere &#8211; voc\u00ea pode come\u00e7ar a compartilhar conhecimento agora com os colegas. Fale sobre tuning, remapeamento, calibra\u00e7\u00e3o &#8211; junte-se \u00e0 nossa comunidade de tuners profissionais com ideias semelhantes em nosso grupo no Facebook &#8211; o<strong> <a href=\"https:\/\/www.facebook.com\/groups\/guildoftuners\">Guilda dos Tuners<\/a><\/strong><\/p>\n<ul>\n<li>Webinars e masterclasses on-line gratuitos<\/li>\n<li>Insights de \u00faltima gera\u00e7\u00e3o sobre a tecnologia de ajuste<\/li>\n<li>Mantenha-se atualizado &#8211; atualiza\u00e7\u00f5es mais recentes de especialistas em ferramentas e software<\/li>\n<\/ul>\n<\/div>\n<\/div>\n<\/div>\n","protected":false},"featured_media":109496,"comment_status":"closed","ping_status":"closed","template":"","meta":{"_acf_changed":false},"product_brand":[21146,19675],"product_cat":[24581,24432,24588,24586,24591,24592,24582,24589,24421,24587,24433,24584,24590,24585,24583,24431],"product_tag":[22444,15219,24593,22451,22454,24594,15489,20500],"class_list":{"0":"post-109345","1":"product","2":"type-product","3":"status-publish","4":"has-post-thumbnail","6":"product_brand-evc","7":"product_brand-winols","8":"product_cat-cursos-de-treinamento-em-tuning-no-reino-unido","9":"product_cat-cursos-presenciais-de-treinamento-em-tuning","10":"product_cat-treinamento-de-ajuste-de-barcos","11":"product_cat-treinamento-de-ajuste-de-carros","12":"product_cat-treinamento-de-ajuste-de-diesel","13":"product_cat-treinamento-de-ajuste-de-gasolina","14":"product_cat-treinamento-de-ajuste-de-marca","15":"product_cat-treinamento-de-ajuste-de-motocicletas","16":"product_cat-treinamento-de-ajuste-de-todos-os-veiculos","17":"product_cat-treinamento-de-ajuste-de-trator","18":"product_cat-treinamento-de-ajuste-eletronico-evc","19":"product_cat-treinamento-de-ajuste-para-iniciantes","20":"product_cat-treinamento-de-ajuste-por-tipo-de-motor","21":"product_cat-treinamento-de-ajuste-por-tipo-de-veiculo","22":"product_cat-treinamento-em-tuning-por-nivel","23":"product_cat-treinamento-evc-winols-pt-br-3","24":"product_tag-sala-de-aula-do-evc-winols","25":"product_tag-software-de-ajuste-winols-5-evc-pt-br","26":"product_tag-treinamento-certificado-evc","27":"product_tag-treinamento-de-ajuste-de-chip","28":"product_tag-treinamento-de-ajuste-em-sala-de-aula","29":"product_tag-treinamento-oficial-do-winols-da-evc","30":"product_tag-treinamento-winols-pt-br","31":"product_tag-winols-pt-br","32":"product_shipping_class-nao-e-necessario-envio-pt-br","34":"first","35":"outofstock","36":"purchasable","37":"product-type-variable","38":"has-default-attributes"},"acf":[],"_links":{"self":[{"href":"https:\/\/remap-staging.24livehost.com\/pt-br\/wp-json\/wp\/v2\/product\/109345","targetHints":{"allow":["GET"]}}],"collection":[{"href":"https:\/\/remap-staging.24livehost.com\/pt-br\/wp-json\/wp\/v2\/product"}],"about":[{"href":"https:\/\/remap-staging.24livehost.com\/pt-br\/wp-json\/wp\/v2\/types\/product"}],"replies":[{"embeddable":true,"href":"https:\/\/remap-staging.24livehost.com\/pt-br\/wp-json\/wp\/v2\/comments?post=109345"}],"wp:featuredmedia":[{"embeddable":true,"href":"https:\/\/remap-staging.24livehost.com\/pt-br\/wp-json\/wp\/v2\/media\/109496"}],"wp:attachment":[{"href":"https:\/\/remap-staging.24livehost.com\/pt-br\/wp-json\/wp\/v2\/media?parent=109345"}],"wp:term":[{"taxonomy":"product_brand","embeddable":true,"href":"https:\/\/remap-staging.24livehost.com\/pt-br\/wp-json\/wp\/v2\/product_brand?post=109345"},{"taxonomy":"product_cat","embeddable":true,"href":"https:\/\/remap-staging.24livehost.com\/pt-br\/wp-json\/wp\/v2\/product_cat?post=109345"},{"taxonomy":"product_tag","embeddable":true,"href":"https:\/\/remap-staging.24livehost.com\/pt-br\/wp-json\/wp\/v2\/product_tag?post=109345"}],"curies":[{"name":"wp","href":"https:\/\/api.w.org\/{rel}","templated":true}]}}