{"id":85633,"date":"2025-10-17T17:26:58","date_gmt":"2025-10-17T16:26:58","guid":{"rendered":"https:\/\/remap-staging.24livehost.com\/product\/vta1086-alientech-ecm-titanium-3-0-cours-en-ligne-sur-le-reglage-de-lessence-module-4-de-4\/"},"modified":"2026-03-16T14:33:52","modified_gmt":"2026-03-16T14:33:52","slug":"vta1086-alientech-ecm-titanium-3-0-cours-en-ligne-sur-le-reglage-de-lessence-module-4-de-4","status":"publish","type":"product","link":"https:\/\/remap-staging.24livehost.com\/fr\/produit\/vta1086-alientech-ecm-titanium-3-0-cours-en-ligne-sur-le-reglage-de-lessence-module-4-de-4\/","title":{"rendered":"VTA1086 : Alientech ECM Titanium 3.0 : Cours en ligne sur le r\u00e9glage de l&rsquo;essence &#8211; Module 4 de 4"},"content":{"rendered":"<h3 data-start=\"269\" data-end=\"360\"><strong data-start=\"273\" data-end=\"360\">VTA1086 &#8211; Alientech ECM Titanium 3.0 Gasoline Tuning Online Course &#8211; Module 4 de 4<\/strong><\/h3>\n<p data-start=\"362\" data-end=\"530\">Compl\u00e9tez votre parcours de formation et lib\u00e9rez tout le potentiel du <strong data-start=\"426\" data-end=\"449\">r\u00e9glage du calculateur d&rsquo;essence<\/strong> avec le <strong data-start=\"455\" data-end=\"472\">module 4 sur 4<\/strong> de la s\u00e9rie de cours en ligne Alientech ECM Titanium 3.0.<\/p>\n<p data-start=\"532\" data-end=\"866\">Ce dernier module se concentre sur les techniques avanc\u00e9es d&rsquo;\u00e9talonnage et de v\u00e9rification pour fournir en toute s\u00e9curit\u00e9 un <strong data-start=\"630\" data-end=\"658\">r\u00e9glage de performance de niveau 1 \u00e0<\/strong> l&rsquo;aide du logiciel ECM Titanium 3.0 d&rsquo;Alientech. Vous apprendrez \u00e0 modifier les cartographies de couple et d&rsquo;\u00e9tincelles, \u00e0 affiner les r\u00e9glages des limiteurs et \u00e0 exporter en toute confiance votre fichier de r\u00e9glage pr\u00eat \u00e0 \u00eatre \u00e9crit dans l&rsquo;ECU du v\u00e9hicule.<\/p>\n<p data-start=\"868\" data-end=\"1152\">Con\u00e7u pour les <strong data-start=\"881\" data-end=\"908\">nouveaux tuners<\/strong>, les <strong data-start=\"910\" data-end=\"947\">professionnels des ateliers automobiles<\/strong> et les <strong data-start=\"953\" data-end=\"987\">utilisateurs exp\u00e9riment\u00e9s d&rsquo;ECM Titanium<\/strong>, ce cours fait le lien entre la th\u00e9orie et la pratique, vous guidant pas \u00e0 pas dans le processus de finalisation d&rsquo;un r\u00e9glage de performance professionnel et fiable pour les moteurs \u00e0 essence.<\/p>\n<hr data-start=\"1154\" data-end=\"1157\" \/>\n<h3 data-start=\"1159\" data-end=\"1187\">\ud83d\udd27 <strong data-start=\"1166\" data-end=\"1187\">Ce que vous apprendrez<\/strong><\/h3>\n<p data-start=\"1189\" data-end=\"1264\">En vous inscrivant \u00e0 ce cours, vous acquerrez des comp\u00e9tences essentielles en mati\u00e8re d&rsquo;accordage :<\/p>\n<ul data-start=\"1266\" data-end=\"1916\">\n<li data-start=\"1266\" data-end=\"1362\">\n<p data-start=\"1268\" data-end=\"1362\">Comment <strong data-start=\"1275\" data-end=\"1327\">ajuster en toute s\u00e9curit\u00e9 les cartes de demande de couple et de limitation<\/strong> pour des performances \u00e9quilibr\u00e9es en phase 1 ?<\/p>\n<\/li>\n<li data-start=\"1363\" data-end=\"1430\">\n<p data-start=\"1365\" data-end=\"1430\">Examen des <strong data-start=\"1379\" data-end=\"1428\">cartes d&rsquo;avance \u00e0 l&rsquo;allumage de base, optimale et minimale<\/strong><\/p>\n<\/li>\n<li data-start=\"1431\" data-end=\"1534\">\n<p data-start=\"1433\" data-end=\"1534\">Comprendre les <strong data-start=\"1447\" data-end=\"1479\">diff\u00e9rences de contr\u00f4le de l&rsquo;allumage<\/strong> entre les moteurs turbocompress\u00e9s et les moteurs \u00e0 aspiration naturelle<\/p>\n<\/li>\n<li data-start=\"1535\" data-end=\"1616\">\n<p data-start=\"1537\" data-end=\"1616\">Effectuer des <strong data-start=\"1548\" data-end=\"1581\">r\u00e9glages s\u00fbrs de la cartographie d&rsquo;allumage<\/strong> pour une puissance et une efficacit\u00e9 optimales<\/p>\n<\/li>\n<li data-start=\"1617\" data-end=\"1697\">\n<p data-start=\"1619\" data-end=\"1697\">Apprendre la fonction et la configuration des <strong data-start=\"1661\" data-end=\"1695\">limiteurs de vitesse (RPM) et des limiteurs de vitesse du v\u00e9hicule<\/strong><\/p>\n<\/li>\n<li data-start=\"1698\" data-end=\"1771\">\n<p data-start=\"1700\" data-end=\"1771\"><strong data-start=\"1707\" data-end=\"1739\">Augmenter<\/strong> en toute s\u00e9curit\u00e9 <strong data-start=\"1707\" data-end=\"1739\">les limites de vitesse des v\u00e9hicules<\/strong> sans nuire \u00e0 la fiabilit\u00e9<\/p>\n<\/li>\n<li data-start=\"1772\" data-end=\"1833\">\n<p data-start=\"1774\" data-end=\"1833\"><strong data-start=\"1774\" data-end=\"1802\">V\u00e9rification et validation des<\/strong> modifications apport\u00e9es aux cartes avant l&rsquo;exportation du fichier<\/p>\n<\/li>\n<li data-start=\"1834\" data-end=\"1916\">\n<p data-start=\"1836\" data-end=\"1916\"><strong data-start=\"1836\" data-end=\"1860\">Sauvegarde et exportation de<\/strong> votre fichier d&rsquo;\u00e9talonnage final pr\u00eat pour la programmation du calculateur<\/p>\n<\/li>\n<\/ul>\n<hr data-start=\"1918\" data-end=\"1921\" \/>\n<h3 data-start=\"1923\" data-end=\"1949\">\ud83e\uddf0 <strong data-start=\"1930\" data-end=\"1949\">Caract\u00e9ristiques du cours<\/strong><\/h3>\n<ul data-start=\"1951\" data-end=\"2299\">\n<li data-start=\"1951\" data-end=\"1996\">\n<p data-start=\"1953\" data-end=\"1996\"><strong data-start=\"1953\" data-end=\"1968\">100% en ligne<\/strong> &#8211; \u00e9tudiez \u00e0 tout moment et en tout lieu<\/p>\n<\/li>\n<li data-start=\"1997\" data-end=\"2074\">\n<p data-start=\"1999\" data-end=\"2074\"><strong data-start=\"1999\" data-end=\"2029\">Des le\u00e7ons vid\u00e9o \u00e9tape par \u00e9tape<\/strong> avec des explications et des d\u00e9monstrations claires<\/p>\n<\/li>\n<li data-start=\"2075\" data-end=\"2145\">\n<p data-start=\"2077\" data-end=\"2145\"><strong data-start=\"2077\" data-end=\"2113\">Documents de r\u00e9f\u00e9rence t\u00e9l\u00e9chargeables<\/strong> et exemples pratiques de r\u00e9glages<\/p>\n<\/li>\n<li data-start=\"2146\" data-end=\"2210\">\n<p data-start=\"2148\" data-end=\"2210\"><strong data-start=\"2148\" data-end=\"2171\">Des quiz interactifs<\/strong> pour tester et renforcer vos connaissances<\/p>\n<\/li>\n<li data-start=\"2211\" data-end=\"2253\">\n<p data-start=\"2213\" data-end=\"2253\"><strong data-start=\"2213\" data-end=\"2242\">Certificat d&rsquo;ach\u00e8vement<\/strong> fourni<\/p>\n<\/li>\n<li data-start=\"2254\" data-end=\"2299\">\n<p data-start=\"2256\" data-end=\"2299\"><strong data-start=\"2256\" data-end=\"2275\">Acc\u00e8s \u00e0 vie<\/strong> \u00e0 l&rsquo;ensemble du contenu des cours<\/p>\n<\/li>\n<\/ul>\n<hr data-start=\"2301\" data-end=\"2304\" \/>\n<h3 data-start=\"2306\" data-end=\"2333\">\ud83c\udf93 <strong data-start=\"2313\" data-end=\"2333\">Qui doit s&rsquo;inscrire<\/strong>?<\/h3>\n<p data-start=\"2335\" data-end=\"2364\">Ce cours est parfait pour :<\/p>\n<ul data-start=\"2365\" data-end=\"2672\">\n<li data-start=\"2365\" data-end=\"2408\">\n<p data-start=\"2367\" data-end=\"2408\"><strong data-start=\"2383\" data-end=\"2406\">Accordeurs de calculateurs pour l&rsquo;essence<\/strong>, nouveaux ou en devenir<\/p>\n<\/li>\n<li data-start=\"2409\" data-end=\"2475\">\n<p data-start=\"2411\" data-end=\"2475\"><strong data-start=\"2411\" data-end=\"2448\">Professionnels des ateliers automobiles<\/strong> et <strong data-start=\"2453\" data-end=\"2473\">remapeurs mobiles<\/strong><\/p>\n<\/li>\n<li data-start=\"2476\" data-end=\"2570\">\n<p data-start=\"2478\" data-end=\"2570\"><strong data-start=\"2486\" data-end=\"2518\">Les utilisateurs<\/strong> actuels <strong data-start=\"2486\" data-end=\"2518\">d&rsquo;Alientech ECM Titanium<\/strong> qui cherchent \u00e0 \u00e9tendre leur expertise en mati\u00e8re de r\u00e9glage de l&rsquo;essence.<\/p>\n<\/li>\n<li data-start=\"2571\" data-end=\"2672\">\n<p data-start=\"2573\" data-end=\"2672\">Toute personne souhaitant apprendre \u00e0 r\u00e9aliser des <strong data-start=\"2633\" data-end=\"2651\">r\u00e9glages de phase 1<\/strong> s\u00fbrs et fiables pour les moteurs \u00e0 essence.<\/p>\n<\/li>\n<\/ul>\n<hr data-start=\"2674\" data-end=\"2677\" \/>\n<h3 data-start=\"2679\" data-end=\"2712\"><strong data-start=\"2686\" data-end=\"2712\">Pourquoi choisir cet Alientech ECM Titanium 3.0 : Cours en ligne sur le r\u00e9glage de l&rsquo;essence<\/strong><\/h3>\n<ul data-start=\"2714\" data-end=\"3061\">\n<li data-start=\"2714\" data-end=\"2783\">\n<p data-start=\"2716\" data-end=\"2783\">Apprenez des professionnels de l&rsquo;industrie en utilisant des m\u00e9thodes de r\u00e9glage concr\u00e8tes.<\/p>\n<\/li>\n<li data-start=\"2784\" data-end=\"2883\">\n<p data-start=\"2786\" data-end=\"2883\">B\u00e9n\u00e9ficiez d&rsquo;un <strong data-start=\"2793\" data-end=\"2821\">parcours d&rsquo;apprentissage structur\u00e9<\/strong> tout au long du processus de r\u00e9glage de l&rsquo;essence ECM Titanium 3.0.<\/p>\n<\/li>\n<li data-start=\"2884\" data-end=\"2967\">\n<p data-start=\"2886\" data-end=\"2967\">Cr\u00e9ez, validez et exportez des fichiers d&rsquo;\u00e9talonnage de haute qualit\u00e9 en toute confiance.<\/p>\n<\/li>\n<li data-start=\"2968\" data-end=\"3061\">\n<p data-start=\"2970\" data-end=\"3061\">Compl\u00e9tez votre parcours en suivant la <strong data-start=\"3004\" data-end=\"3059\">s\u00e9rie compl\u00e8te de formations ECM Titanium Gasoline en 4 modules.<\/strong><\/p>\n<\/li>\n<\/ul>\n<hr data-start=\"3063\" data-end=\"3066\" \/>\n<p data-start=\"3068\" data-end=\"3178\"><strong data-start=\"3068\" data-end=\"3176\">Terminez votre formation sur le tuning en ma\u00eetrisant les derni\u00e8res \u00e9tapes de la calibration d&rsquo;un calculateur professionnel pour l&rsquo;essence.<\/strong><\/p>\n<p data-start=\"3180\" data-end=\"3285\"><strong data-start=\"3180\" data-end=\"3285\">\u27a1\ufe0f Inscrivez-vous aujourd&rsquo;hui et finalisez votre Alientech ECM Titanium 3.0 : Gasoline Tuning avec le module 4 &#8211; Gasoline Tuning.<\/strong><\/p>\n","protected":false},"excerpt":{"rendered":"<p data-start=\"3343\" data-end=\"3609\">Compl\u00e9tez votre voyage Alientech ECM Titanium 3.0 Gasoline Tuning avec le <strong data-start=\"3413\" data-end=\"3430\">module 4 sur 4<\/strong>.<br data-start=\"3431\" data-end=\"3434\" \/>Apprenez \u00e0 modifier en toute s\u00e9curit\u00e9 les cartes de couple et d&rsquo;avance \u00e0 l&rsquo;allumage, \u00e0 ajuster les limiteurs de vitesse et de r\u00e9gime, et \u00e0 exporter un <strong data-start=\"3549\" data-end=\"3577\">r\u00e9glage de performance<\/strong> professionnel <strong data-start=\"3549\" data-end=\"3577\">de niveau 1<\/strong> pr\u00eat \u00e0 \u00eatre \u00e9crit dans l&rsquo;ECU.<\/p>\n<p data-start=\"3611\" data-end=\"3784\">Parfait pour les <strong data-start=\"3623\" data-end=\"3637\">nouveaux tuners<\/strong>, les <strong data-start=\"3639\" data-end=\"3665\">professionnels des ateliers<\/strong> et les <strong data-start=\"3671\" data-end=\"3696\">utilisateurs exp\u00e9riment\u00e9s d&rsquo;ECM<\/strong> qui souhaitent finaliser leurs comp\u00e9tences en mati\u00e8re de tuning essence et obtenir des r\u00e9sultats de niveau professionnel.<\/p>\n","protected":false},"featured_media":77352,"comment_status":"closed","ping_status":"closed","template":"","meta":{"_acf_changed":false},"product_brand":[19674,19679],"product_cat":[24643,24518,24427,24508,24637,24658,24406],"product_tag":[],"class_list":{"0":"post-85633","1":"product","2":"type-product","3":"status-publish","4":"has-post-thumbnail","6":"product_brand-alientech","7":"product_brand-ecm-titanium","8":"product_cat-en-ligne","9":"product_cat-formation-a-la-mise-au-point-des-moteurs-a-essence","10":"product_cat-formation-ecm-titanium","11":"product_cat-formation-sur-le-reglage-de-la-marque","12":"product_cat-formation-sur-les-logiciels-de-reglage","13":"product_cat-alientech-fr","14":"product_cat-formation-a-la-mise-au-point-de-tous-les-vehicules","16":"first","17":"instock","18":"taxable","19":"shipping-taxable","20":"purchasable","21":"product-type-simple"},"acf":[],"_links":{"self":[{"href":"https:\/\/remap-staging.24livehost.com\/fr\/wp-json\/wp\/v2\/product\/85633","targetHints":{"allow":["GET"]}}],"collection":[{"href":"https:\/\/remap-staging.24livehost.com\/fr\/wp-json\/wp\/v2\/product"}],"about":[{"href":"https:\/\/remap-staging.24livehost.com\/fr\/wp-json\/wp\/v2\/types\/product"}],"replies":[{"embeddable":true,"href":"https:\/\/remap-staging.24livehost.com\/fr\/wp-json\/wp\/v2\/comments?post=85633"}],"wp:featuredmedia":[{"embeddable":true,"href":"https:\/\/remap-staging.24livehost.com\/fr\/wp-json\/wp\/v2\/media\/77352"}],"wp:attachment":[{"href":"https:\/\/remap-staging.24livehost.com\/fr\/wp-json\/wp\/v2\/media?parent=85633"}],"wp:term":[{"taxonomy":"product_brand","embeddable":true,"href":"https:\/\/remap-staging.24livehost.com\/fr\/wp-json\/wp\/v2\/product_brand?post=85633"},{"taxonomy":"product_cat","embeddable":true,"href":"https:\/\/remap-staging.24livehost.com\/fr\/wp-json\/wp\/v2\/product_cat?post=85633"},{"taxonomy":"product_tag","embeddable":true,"href":"https:\/\/remap-staging.24livehost.com\/fr\/wp-json\/wp\/v2\/product_tag?post=85633"}],"curies":[{"name":"wp","href":"https:\/\/api.w.org\/{rel}","templated":true}]}}