{"id":85477,"date":"2025-11-24T12:48:32","date_gmt":"2025-11-24T12:48:32","guid":{"rendered":"https:\/\/remap-staging.24livehost.com\/product\/vta2023-comment-lire-et-ecrire-un-calculateur-autotuner-pour-laccreditation-imi\/"},"modified":"2026-02-19T16:09:10","modified_gmt":"2026-02-19T16:09:10","slug":"vta2023-comment-lire-et-ecrire-un-calculateur-autotuner-pour-laccreditation-imi","status":"publish","type":"product","link":"https:\/\/remap-staging.24livehost.com\/fr\/produit\/vta2023-comment-lire-et-ecrire-un-calculateur-autotuner-pour-laccreditation-imi\/","title":{"rendered":"VTA2023 : Comment lire et \u00e9crire un calculateur &#8211; Autotuner pour l&rsquo;accr\u00e9ditation IMI"},"content":{"rendered":"<h2>Apprenez \u00e0 lire et \u00e0 \u00e9crire un calculateur \u00e0 l&rsquo;aide de l&rsquo;\u00e9quipement AutoTuner Vehicle Tuning Equipment<\/h2>\n<h3>Le\u00e7ons d&rsquo;AutoTuner :<\/h3>\n<ol>\n<li>AutoTuner Tool &#8211; M\u00e9thode de r\u00e9glage OBD<\/li>\n<li>Outil AutoTuner &#8211; M\u00e9thode de r\u00e9glage au banc<\/li>\n<li>AutoTuner Tool &#8211; M\u00e9thode de r\u00e9glage du d\u00e9marrage<\/li>\n<\/ol>\n<p><span style=\"font-family: var(--global-body-font-family);\">Chaque le\u00e7on est suivie d&rsquo;un test de 30 minutes pour r\u00e9pondre \u00e0 20 questions \u00e0 choix multiples.<\/span><\/p>\n<p><img decoding=\"async\" class=\"alignnone wp-image-56179 size-medium\" src=\"https:\/\/remap-staging.24livehost.com\/wp-content\/uploads\/2025\/02\/autotuner-tool-5-1-300x300.jpg\" alt=\"\" width=\"300\" height=\"300\" srcset=\"https:\/\/remap-staging.24livehost.com\/wp-content\/uploads\/2025\/02\/autotuner-tool-5-1-300x300.jpg 300w, https:\/\/remap-staging.24livehost.com\/wp-content\/uploads\/2025\/02\/autotuner-tool-5-1-150x150.jpg 150w, https:\/\/remap-staging.24livehost.com\/wp-content\/uploads\/2025\/02\/autotuner-tool-5-1-50x50.jpg 50w, https:\/\/remap-staging.24livehost.com\/wp-content\/uploads\/2025\/02\/autotuner-tool-5-1-80x80.jpg 80w, https:\/\/remap-staging.24livehost.com\/wp-content\/uploads\/2025\/02\/autotuner-tool-5-1-263x263.jpg 263w, https:\/\/remap-staging.24livehost.com\/wp-content\/uploads\/2025\/02\/autotuner-tool-5-1-100x100.jpg 100w, https:\/\/remap-staging.24livehost.com\/wp-content\/uploads\/2025\/02\/autotuner-tool-5-1-255x255.jpg 255w, https:\/\/remap-staging.24livehost.com\/wp-content\/uploads\/2025\/02\/autotuner-tool-5-1-400x400.jpg 400w, https:\/\/remap-staging.24livehost.com\/wp-content\/uploads\/2025\/02\/autotuner-tool-5-1.jpg 460w\" sizes=\"(max-width: 300px) 100vw, 300px\" \/><\/p>\n<h2>Pourquoi choisir Remap 101 pour la formation au tuning ?<\/h2>\n<p>Choisissez Remap 101 pour votre formation \u00e0 la mise au point de v\u00e9hicules et b\u00e9n\u00e9ficiez de notre vaste expertise et de notre gamme compl\u00e8te de cours, le\u00e7ons et programmes de formation \u00e0 la mise au point. Nous nous adressons \u00e0 tous les niveaux d&rsquo;exp\u00e9rience, avec des cours adapt\u00e9s aux d\u00e9butants jusqu&rsquo;aux accordeurs avanc\u00e9s. Pour vous donner un avant-go\u00fbt de notre formation de pointe, nous proposons \u00e9galement des <a href=\"https:\/\/remap-staging.24livehost.com\/fr\/course-category\/formation-gratuite-a-la-mise-au-point-des-vehicules\/\">cours de formation gratuits sur le r\u00e9glage des v\u00e9hicules<\/a>, ce qui vous permet de constater par vous-m\u00eame la qualit\u00e9 de notre enseignement et l&rsquo;\u00e9tendue de nos connaissances.<\/p>\n","protected":false},"excerpt":{"rendered":"<p>Apprenez \u00e0 lire et \u00e0 \u00e9crire un calculateur \u00e0 l&rsquo;aide de l&rsquo;\u00e9quipement AutoTuner Vehicle Tuning Equipment Le\u00e7ons d&rsquo;AutoTuner : AutoTuner Tool &#8211; M\u00e9thode de r\u00e9glage OBD Outil AutoTuner &#8211; M\u00e9thode de r\u00e9glage au banc AutoTuner Tool &#8211; M\u00e9thode de r\u00e9glage du d\u00e9marrage Chaque le\u00e7on est suivie d&rsquo;un test de 30 minutes pour r\u00e9pondre \u00e0 20 [&hellip;]<\/p>\n","protected":false},"featured_media":56183,"comment_status":"closed","ping_status":"closed","template":"","meta":{"_acf_changed":false},"product_brand":[19677],"product_cat":[24449,24642,24508,24655,24406],"product_tag":[],"class_list":{"0":"post-85477","1":"product","2":"type-product","3":"status-publish","4":"has-post-thumbnail","6":"product_brand-autotuner","7":"product_cat-formation-autotuner-tuning","8":"product_cat-formation-aux-outils-de-reglage-materiel","9":"product_cat-formation-sur-le-reglage-de-la-marque","10":"product_cat-autotuner-fr","11":"product_cat-formation-a-la-mise-au-point-de-tous-les-vehicules","13":"first","14":"instock","15":"taxable","16":"shipping-taxable","17":"purchasable","18":"product-type-simple"},"acf":[],"_links":{"self":[{"href":"https:\/\/remap-staging.24livehost.com\/fr\/wp-json\/wp\/v2\/product\/85477","targetHints":{"allow":["GET"]}}],"collection":[{"href":"https:\/\/remap-staging.24livehost.com\/fr\/wp-json\/wp\/v2\/product"}],"about":[{"href":"https:\/\/remap-staging.24livehost.com\/fr\/wp-json\/wp\/v2\/types\/product"}],"replies":[{"embeddable":true,"href":"https:\/\/remap-staging.24livehost.com\/fr\/wp-json\/wp\/v2\/comments?post=85477"}],"wp:featuredmedia":[{"embeddable":true,"href":"https:\/\/remap-staging.24livehost.com\/fr\/wp-json\/wp\/v2\/media\/56183"}],"wp:attachment":[{"href":"https:\/\/remap-staging.24livehost.com\/fr\/wp-json\/wp\/v2\/media?parent=85477"}],"wp:term":[{"taxonomy":"product_brand","embeddable":true,"href":"https:\/\/remap-staging.24livehost.com\/fr\/wp-json\/wp\/v2\/product_brand?post=85477"},{"taxonomy":"product_cat","embeddable":true,"href":"https:\/\/remap-staging.24livehost.com\/fr\/wp-json\/wp\/v2\/product_cat?post=85477"},{"taxonomy":"product_tag","embeddable":true,"href":"https:\/\/remap-staging.24livehost.com\/fr\/wp-json\/wp\/v2\/product_tag?post=85477"}],"curies":[{"name":"wp","href":"https:\/\/api.w.org\/{rel}","templated":true}]}}