{"id":51272,"date":"2022-01-11T14:37:58","date_gmt":"2022-01-11T14:37:58","guid":{"rendered":"https:\/\/remap-staging.24livehost.com\/product\/evc-winols-diesel-tuning-module-6-de-6b\/"},"modified":"2026-02-19T15:23:02","modified_gmt":"2026-02-19T15:23:02","slug":"evc-winols-diesel-tuning-module-6-of-6b","status":"publish","type":"product","link":"https:\/\/remap-staging.24livehost.com\/fr\/produit\/evc-winols-diesel-tuning-module-6-of-6b\/","title":{"rendered":"VTA1028 : EModule de r\u00e9glage diesel EVC WinOLS 6 sur 6b"},"content":{"rendered":"<h2>VTA1028 : Cours de formation en ligne EVC WinOLS Diesel Tuning &#8211; Module 6 de 6b<\/h2>\n<p>Il s&rsquo;agit du dernier module de la formation en ligne Viezu Remap101 WinOLS Diesel Engine Tuning.<\/p>\n<p>La 6e section du cours est divis\u00e9e en deux parties &#8211; a et b :<\/p>\n<ul>\n<li>Formation en ligne sur le r\u00e9glage diesel EVC WinOLS Module 6 sur 6a<\/li>\n<li><strong>EVC WinOLS Diesel Tuning Training Online Module 6 de 6b (ce module)<\/strong><\/li>\n<\/ul>\n<h3><strong>Qu\u2019y a-t-il dans le module de r\u00e9glage diesel EVC WinOLS 6 sur 6b :<\/strong><\/h3>\n<ol>\n<li>D\u00e9couvrez l\u2019importance de contr\u00f4ler les modifications sur des cartes similaires<\/li>\n<li>Apprenez l&rsquo;art et la technique de la \u00ab\u00a0coh\u00e9rence\u00a0\u00bb dans le contexte des modifications apport\u00e9es \u00e0 diff\u00e9rentes cartes.<\/li>\n<li>Explorez la pression turbo et l\u2019approche de la modification<\/li>\n<li>D\u00e9but de l\u2019angle d\u2019injection et approche de la modification<\/li>\n<li>Explorez les diff\u00e9rentes approches de r\u00e9glage de la pression des rails<\/li>\n<li>Comprendre la demande de couple et l&rsquo;approche de la modification<\/li>\n<li>L&rsquo;art et la technique de la \u00ab\u00a0coh\u00e9rence\u00a0\u00bb revisit\u00e9s en relation avec le r\u00e9glage du limiteur de vitesse<\/li>\n<li>Remappage en t\u00eate-\u00e0-t\u00eate &#8211; Comment exporter un fichier<\/li>\n<\/ol>\n<p>Le formateur et pr\u00e9sentateur de ce cours utilise WinOLs pour la mise au point et le remappage de v\u00e9hicules depuis plus de 15 ans. Il a dispens\u00e9 des cours de r\u00e9daction de cartes de r\u00e9glage et des sessions de formation dans le monde entier. Vous pouvez d\u00e9sormais participer \u00e0 ces cours de formation \u00e0 votre convenance, depuis votre domicile ou votre entreprise. Apprenez directement des experts. D\u00e9veloppez vos comp\u00e9tences, vos connaissances et votre d\u00e9veloppement personnel.<\/p>\n<h3><strong>Croissance personnelle<\/strong><\/h3>\n<p>Viezu Training Academy et Remap101 ont pour mission d&rsquo;\u00e9lever les standards de l&rsquo;industrie du tuning et de vous donner l&rsquo;opportunit\u00e9 de d\u00e9velopper vos connaissances et vos comp\u00e9tences et de faire cro\u00eetre votre entreprise de tuning.<\/p>\n<p>Pour tirer le meilleur parti de cette formation en ligne, il est pr\u00e9f\u00e9rable de suivre les modules dans le bon ordre, \u00e0 la suite les uns des autres. Cela vous permet de commencer par le d\u00e9but, d&rsquo;apprendre \u00e0 installer et \u00e0 configurer correctement votre ordinateur, d&rsquo;apprendre les concepts de base, puis de poursuivre votre apprentissage.<\/p>\n<p>Il s&rsquo;agit du dernier module de cette formation en ligne, vous aurez donc int\u00e9r\u00eat \u00e0 avoir suivi les modules pr\u00e9c\u00e9dents de la formation.<\/p>\n<h3><strong>Acc\u00e8s \u00e0 vie<\/strong><\/h3>\n<p>Vous avez un acc\u00e8s \u00e0 vie \u00e0 chaque module apr\u00e8s l&rsquo;avoir achet\u00e9. Vous pouvez le consulter aussi souvent que vous le souhaitez. Vous pouvez les consulter et les revisiter \u00e0 votre guise.<\/p>\n<p>Vous pouvez interrompre et red\u00e9marrer les vid\u00e9os de formation. Vous pouvez le faire aussi souvent que vous le souhaitez. Cela signifie que vous pouvez faire une pause si vous le souhaitez. De m\u00eame, si vous \u00eates interrompu, vous pouvez mettre la vid\u00e9o en pause et la reprendre plus tard, lorsque vous \u00eates pr\u00eat.<\/p>\n<h3><strong>Le logiciel de r\u00e9glage EVC WinOLS<\/strong><\/h3>\n<p>Il n&rsquo;est pas indispensable de poss\u00e9der votre propre logiciel EVC WinOLS pour suivre ces modules de formation en ligne. Cependant, votre exp\u00e9rience d&rsquo;apprentissage sera bien meilleure si le logiciel est install\u00e9 et fonctionne sur votre ordinateur pendant que vous suivez les vid\u00e9os de formation.<\/p>\n<p>Cela signifie que vous pouvez pratiquer vous-m\u00eame les processus et les techniques que vous avez appris dans la vid\u00e9o. Cela renforce votre apprentissage.<\/p>\n<p>Si vous n&rsquo;avez pas encore la version compl\u00e8te du logiciel de r\u00e9glage EVC WinOLS, vous pouvez la voir et l&rsquo;acheter dans la boutique de r\u00e9glage Remap 101 &#8211; <a href=\"https:\/\/remap-staging.24livehost.com\/fr\/categorie-produit\/outils-et-logiciels-de-reglage-professionnels\/\">Logiciel de r\u00e9glage<\/a>.<\/p>\n","protected":false},"excerpt":{"rendered":"<p>VTA1028 : Cours de formation en ligne EVC WinOLS Diesel Tuning &#8211; Module 6 de 6b Il s&rsquo;agit du dernier module de la formation en ligne Viezu Remap101 WinOLS Diesel Engine Tuning. La 6e section du cours est divis\u00e9e en deux parties &#8211; a et b : Formation en ligne sur le r\u00e9glage diesel EVC [&hellip;]<\/p>\n","protected":false},"featured_media":56855,"comment_status":"open","ping_status":"closed","template":"","meta":{"_acf_changed":false},"product_brand":[21146,19675],"product_cat":[24643,24509,24511,24407,24637,24409,20398,24406],"product_tag":[15315,15316,15317],"class_list":{"0":"post-51272","1":"product","2":"type-product","3":"status-publish","4":"has-post-thumbnail","6":"product_brand-evc","7":"product_brand-winols","8":"product_cat-en-ligne","9":"product_cat-formation-au-tuning-par-niveau","10":"product_cat-formation-au-tuning-par-type-de-vehicule","11":"product_cat-formation-evc-winols","12":"product_cat-formation-sur-les-logiciels-de-reglage","13":"product_cat-evc-electronique","14":"product_cat-modules-de-reglage-des-moteurs-diesel","15":"product_cat-formation-a-la-mise-au-point-de-tous-les-vehicules","16":"product_tag-evc-fr","17":"product_tag-evc-winols-fr","18":"product_tag-moteur-diesel-evc-winols","20":"first","21":"instock","22":"taxable","23":"shipping-taxable","24":"purchasable","25":"product-type-simple"},"acf":[],"_links":{"self":[{"href":"https:\/\/remap-staging.24livehost.com\/fr\/wp-json\/wp\/v2\/product\/51272","targetHints":{"allow":["GET"]}}],"collection":[{"href":"https:\/\/remap-staging.24livehost.com\/fr\/wp-json\/wp\/v2\/product"}],"about":[{"href":"https:\/\/remap-staging.24livehost.com\/fr\/wp-json\/wp\/v2\/types\/product"}],"replies":[{"embeddable":true,"href":"https:\/\/remap-staging.24livehost.com\/fr\/wp-json\/wp\/v2\/comments?post=51272"}],"wp:featuredmedia":[{"embeddable":true,"href":"https:\/\/remap-staging.24livehost.com\/fr\/wp-json\/wp\/v2\/media\/56855"}],"wp:attachment":[{"href":"https:\/\/remap-staging.24livehost.com\/fr\/wp-json\/wp\/v2\/media?parent=51272"}],"wp:term":[{"taxonomy":"product_brand","embeddable":true,"href":"https:\/\/remap-staging.24livehost.com\/fr\/wp-json\/wp\/v2\/product_brand?post=51272"},{"taxonomy":"product_cat","embeddable":true,"href":"https:\/\/remap-staging.24livehost.com\/fr\/wp-json\/wp\/v2\/product_cat?post=51272"},{"taxonomy":"product_tag","embeddable":true,"href":"https:\/\/remap-staging.24livehost.com\/fr\/wp-json\/wp\/v2\/product_tag?post=51272"}],"curies":[{"name":"wp","href":"https:\/\/api.w.org\/{rel}","templated":true}]}}