{"id":51112,"date":"2021-12-17T13:29:59","date_gmt":"2021-12-17T13:29:59","guid":{"rendered":"https:\/\/remap-staging.24livehost.com\/product\/evc-winols-diesel-tuning-module-5-de-6\/"},"modified":"2026-02-19T15:23:07","modified_gmt":"2026-02-19T15:23:07","slug":"evc-winols-diesel-tuning-module-5-of-6","status":"publish","type":"product","link":"https:\/\/remap-staging.24livehost.com\/fr\/produit\/evc-winols-diesel-tuning-module-5-of-6\/","title":{"rendered":"VTA1022 : Module de formation EVC WinOLS Diesel Tuning 5 sur 6"},"content":{"rendered":"<h2>VTA1022 : Formation en ligne EVC WinOLS Diesel Tuning Module 5 de 6<\/h2>\n<p>Formation en ligne sur le r\u00e9glage diesel WinOLS module 5 sur 6. Dans cette formation en ligne, vous apprendrez :<\/p>\n<ul>\n<li>Comprendre les relations de donn\u00e9es entre les diff\u00e9rents types de cartes dans l&rsquo;ECU<\/li>\n<li>Comment d\u00e9velopper une compr\u00e9hension des valeurs boursi\u00e8res actuelles et des limites de l&rsquo;ECU<\/li>\n<li>D\u00e9couvrir des indices cach\u00e9s \u00e0 l&rsquo;int\u00e9rieur des tables et des axes pour d\u00e9bloquer plus de puissance<\/li>\n<li>Ainsi que la s\u00e9lection de points de r\u00e9f\u00e9rence communs dans les cartes<\/li>\n<li>Couple croissant au-dessus des valeurs d&rsquo;origine<\/li>\n<\/ul>\n<p>Le tuteur de ce cours utilise le logiciel ECV WinOLs depuis plus de 15 ans. Il a suivi des cours de r\u00e9daction de cartes de r\u00e9glage et des sessions de formation dans le monde entier. D\u00e9sormais, vous pouvez vous aussi apprendre de premi\u00e8re main les connaissances des initi\u00e9s en mati\u00e8re de r\u00e9glage, dans le confort de votre propre maison.<\/p>\n<p>Il est important de tirer le meilleur parti de cette session de formation en ligne EVC WinOLS Diesel Tuning. C&rsquo;est pourquoi nous vous sugg\u00e9rons de suivre les modules pr\u00e9c\u00e9dents de la s\u00e9rie. Cela vous permettra de bien comprendre la logique et le d\u00e9roulement des cours. Ce cours de formation en ligne est le 5\u00e8me de la s\u00e9rie de cours de formation WinOLS Diesel.<\/p>\n<h3>Le logiciel de r\u00e9glage EVC WinOLS<\/h3>\n<p>En th\u00e9orie, vous pouvez suivre cette formation WinOls en ligne sans disposer du logiciel EVC WinOls. Cependant, ce n&rsquo;est pas vraiment l&rsquo;id\u00e9al. Nous voulons vous offrir la meilleure exp\u00e9rience de formation possible. Et aussi le meilleur rapport qualit\u00e9-prix. C&rsquo;est pourquoi vous devez vraiment avoir le logiciel avec vous afin de pouvoir participer activement \u00e0 la formation. Et mettre en pratique ce que vous avez vu. Avant de passer \u00e0 la session suivante. Si vous n&rsquo;avez pas encore la version compl\u00e8te du logiciel de r\u00e9glage EVC WinOls, vous pouvez la voir ici dans la boutique de r\u00e9glage Remap 101 <a href=\"https:\/\/remap-staging.24livehost.com\/fr\/categorie-produit\/outils-et-logiciels-de-reglage-professionnels\/\">Logiciel de r\u00e9glage <\/a><\/p>\n","protected":false},"excerpt":{"rendered":"<p>VTA1022 : Formation en ligne EVC WinOLS Diesel Tuning Module 5 de 6 Formation en ligne sur le r\u00e9glage diesel WinOLS module 5 sur 6. Dans cette formation en ligne, vous apprendrez : Comprendre les relations de donn\u00e9es entre les diff\u00e9rents types de cartes dans l&rsquo;ECU Comment d\u00e9velopper une compr\u00e9hension des valeurs boursi\u00e8res actuelles et [&hellip;]<\/p>\n","protected":false},"featured_media":56555,"comment_status":"open","ping_status":"closed","template":"","meta":{"_acf_changed":false},"product_brand":[21146,19675],"product_cat":[24643,24509,24511,24407,24637,24409,20398,24406],"product_tag":[15315,15316,15317],"class_list":{"0":"post-51112","1":"product","2":"type-product","3":"status-publish","4":"has-post-thumbnail","6":"product_brand-evc","7":"product_brand-winols","8":"product_cat-en-ligne","9":"product_cat-formation-au-tuning-par-niveau","10":"product_cat-formation-au-tuning-par-type-de-vehicule","11":"product_cat-formation-evc-winols","12":"product_cat-formation-sur-les-logiciels-de-reglage","13":"product_cat-evc-electronique","14":"product_cat-modules-de-reglage-des-moteurs-diesel","15":"product_cat-formation-a-la-mise-au-point-de-tous-les-vehicules","16":"product_tag-evc-fr","17":"product_tag-evc-winols-fr","18":"product_tag-moteur-diesel-evc-winols","20":"first","21":"instock","22":"taxable","23":"shipping-taxable","24":"purchasable","25":"product-type-simple"},"acf":[],"_links":{"self":[{"href":"https:\/\/remap-staging.24livehost.com\/fr\/wp-json\/wp\/v2\/product\/51112","targetHints":{"allow":["GET"]}}],"collection":[{"href":"https:\/\/remap-staging.24livehost.com\/fr\/wp-json\/wp\/v2\/product"}],"about":[{"href":"https:\/\/remap-staging.24livehost.com\/fr\/wp-json\/wp\/v2\/types\/product"}],"replies":[{"embeddable":true,"href":"https:\/\/remap-staging.24livehost.com\/fr\/wp-json\/wp\/v2\/comments?post=51112"}],"wp:featuredmedia":[{"embeddable":true,"href":"https:\/\/remap-staging.24livehost.com\/fr\/wp-json\/wp\/v2\/media\/56555"}],"wp:attachment":[{"href":"https:\/\/remap-staging.24livehost.com\/fr\/wp-json\/wp\/v2\/media?parent=51112"}],"wp:term":[{"taxonomy":"product_brand","embeddable":true,"href":"https:\/\/remap-staging.24livehost.com\/fr\/wp-json\/wp\/v2\/product_brand?post=51112"},{"taxonomy":"product_cat","embeddable":true,"href":"https:\/\/remap-staging.24livehost.com\/fr\/wp-json\/wp\/v2\/product_cat?post=51112"},{"taxonomy":"product_tag","embeddable":true,"href":"https:\/\/remap-staging.24livehost.com\/fr\/wp-json\/wp\/v2\/product_tag?post=51112"}],"curies":[{"name":"wp","href":"https:\/\/api.w.org\/{rel}","templated":true}]}}