{"id":109340,"date":"2026-01-28T16:37:17","date_gmt":"2026-01-28T16:37:17","guid":{"rendered":"https:\/\/remap-staging.24livehost.com\/?post_type=product&#038;p=109340"},"modified":"2026-02-19T16:09:07","modified_gmt":"2026-02-19T16:09:07","slug":"introduction-winols-certifie","status":"publish","type":"product","link":"https:\/\/remap-staging.24livehost.com\/fr\/produit\/introduction-winols-certifie\/","title":{"rendered":"Cours d&rsquo;introduction \u00e0 WinOLS de 3 jours en personne, certifi\u00e9 par l&rsquo;EVC"},"content":{"rendered":"<h2>Cours d&rsquo;introduction \u00e0 WinOLS de 3 jours en personne, certifi\u00e9 par l&rsquo;EVC<\/h2>\n<p><strong data-start=\"82\" data-end=\"94\">Lieu<\/strong>: Si\u00e8ge de VIEZU UK, Warwickshire, Royaume-Uni<br \/>\n<strong data-start=\"113\" data-end=\"122\">Dates<\/strong>: en 2026 : diesel &#8211; 24-26 mars ; 1-3 juillet ; 2-4 sept. essence &#8211; 30 mars &#8211; 1er avril ; 6-8 juillet ; 5-7 oct. <br data-start=\"170\" data-end=\"173\" \/><strong data-start=\"173\" data-end=\"185\">Langue<\/strong>: Le cours sera dispens\u00e9 en anglais<br data-start=\"222\" data-end=\"225\" \/><strong data-start=\"225\" data-end=\"234\">Niveau<\/strong>: D\u00e9butant \/ D\u00e9butant<br data-start=\"244\" data-end=\"247\" \/><strong data-start=\"247\" data-end=\"266\">Focus sur le type de carburant<\/strong>: Cours pour l&rsquo;essence et pour le diesel<br data-start=\"281\" data-end=\"284\" \/><strong data-start=\"284\" data-end=\"302\">Logiciel Focus<\/strong>: EVC WinOLS5<\/p>\n<p>&nbsp;<\/p>\n<p>Apprenez \u00e0 \u00e9diter de vrais fichiers en utilisant EVC WinOLS5 gr\u00e2ce \u00e0 nos cours de formation officiels certifi\u00e9s EVC Introduction \u00e0 WinOLS, d&rsquo;une dur\u00e9e de 3 jours en salle de classe\/atelier.<\/p>\n<p>&nbsp;<\/p>\n<p>Que vous d\u00e9butiez dans le tuning ou que vous soyez pr\u00eat \u00e0 consolider vos comp\u00e9tences WinOLS de mani\u00e8re structur\u00e9e, ce cours offre une formation professionnelle compl\u00e8te et organis\u00e9e pour les tuners travaillant avec du diesel ou de l&rsquo;essence.<\/p>\n<p>&nbsp;<\/p>\n<p class=\"\" data-start=\"413\" data-end=\"751\">Le formateur de ces formations au tuning est <a href=\"https:\/\/remap-staging.24livehost.com\/fr\/simon-white\/\">Simon White, certifi\u00e9 par l&rsquo;EVC et renomm\u00e9 au Royaume-Uni<\/a>, directeur technique et directeur g\u00e9n\u00e9ral de Viezu Technologies. Il s&rsquo;agit d&rsquo;une formation pratique d&rsquo;experts, dispens\u00e9e par des r\u00e9gleurs exp\u00e9riment\u00e9s.<\/p>\n<p class=\"\" data-start=\"1153\" data-end=\"1593\">Ces cours sont destin\u00e9s aux d\u00e9butants. Ils vous donnent une introduction compl\u00e8te et structur\u00e9e au concept et \u00e0 l&rsquo;interface utilisateur de WinOLS, et vous apportent les connaissances et la confiance n\u00e9cessaires pour aborder une s\u00e9rie de projets de tuning pratiques. Ces cours vous donnent une base solide pour continuer \u00e0 d\u00e9velopper vos comp\u00e9tences en tuning WinOLS avec les cours de formation WinOLS interm\u00e9diaires et avanc\u00e9s de Viezu.<\/p>\n<p data-start=\"1153\" data-end=\"1593\">Si vous avez des questions ou des besoins particuliers en mati\u00e8re de formation, contactez-nous \u00e0 l&rsquo;adresse <a href=\"mailto:info@viezu.com\">info@viezu.com<\/a> ou au num\u00e9ro +44 (0)1789 774444 &#8211; nous pourrons discuter de vos besoins et vous pr\u00e9parer.<\/p>\n<p data-start=\"1153\" data-end=\"1593\">La taille des groupes est r\u00e9duite, ce qui nous permet d&rsquo;adapter le contenu \u00e0 vos besoins. Nous vous encourageons \u00e0 contacter le formateur principal Simon White \u00e0 l&rsquo;avance pour discuter de tout sujet sp\u00e9cifique que vous souhaiteriez aborder. Par exemple, si vous travaillez avec des v\u00e9hicules ou des moteurs particuliers, nous pouvons les inclure dans nos exemples de projets pendant la formation.<\/p>\n<p>&nbsp;<\/p>\n<p>&nbsp;<\/p>\n<p><b><span data-contrast=\"auto\">Aper\u00e7u d\u00e9taill\u00e9 du cours<\/span><\/b><\/p>\n<p>&nbsp;<\/p>\n<p><b><span data-contrast=\"auto\">Ce qui est couvert :<\/span><\/b><\/p>\n<ul>\n<li>Une introduction compl\u00e8te et structur\u00e9e au concept et \u00e0 l&rsquo;interface WinOLS<\/li>\n<li><span data-contrast=\"auto\">Logique et structure du calculateur pour les principales plates-formes <\/span><\/li>\n<li><span data-contrast=\"auto\">Principaux groupes de cartes<\/span><\/li>\n<li><span data-contrast=\"auto\">Identifier et regrouper les cartes en utilisant les mod\u00e8les et les structures de WinOLS<\/span><\/li>\n<li><span data-contrast=\"auto\">Lire et interpr\u00e9ter les donn\u00e9es cl\u00e9s du dynamom\u00e8tre et du journal de bord<\/span><\/li>\n<li><span data-contrast=\"auto\">Comprendre les principes de l&rsquo;utilisation des fichiers existants de votre base de donn\u00e9es WinOLS :<\/span>\n<ul>\n<li><span data-contrast=\"auto\">Comparaison des fichiers stock\u00e9s et r\u00e9gl\u00e9s<\/span><\/li>\n<li><span data-contrast=\"auto\">Adaptation des m\u00e9lodies \u00e0 des versions logicielles similaires<\/span><\/li>\n<li><span data-contrast=\"auto\">Gestion de projet propre avec mappacks, commentaires et versions<\/span><\/li>\n<\/ul>\n<\/li>\n<\/ul>\n<p><b><span data-contrast=\"auto\">Vous apprendrez :<\/span><\/b><\/p>\n<ul>\n<li>Comment naviguer et utiliser efficacement WinOLS avec un bon niveau de base.<\/li>\n<li><span data-contrast=\"auto\">Comment les calculateurs calculent la charge, le carburant et l&rsquo;avance \u00e0 l&rsquo;allumage<\/span><\/li>\n<li><span data-contrast=\"auto\">Comment identifier rapidement les cartes de r\u00e9glage de base<\/span><\/li>\n<li><span data-contrast=\"auto\">Comment lire, interpr\u00e9ter et appliquer les donn\u00e9es cl\u00e9s du dynamom\u00e8tre et du carnet de bord ?<\/span><\/li>\n<li><span data-contrast=\"auto\">Comment r\u00e9utiliser et adapter les \u00e9talonnages existants gr\u00e2ce aux fonctions d&rsquo;importation et de comparaison de WinOLS ?<\/span><\/li>\n<li><span data-contrast=\"auto\">Comment construire des structures de projet propres et professionnelles, pr\u00eates pour les travaux d&rsquo;\u00e9talonnage ?<\/span><\/li>\n<\/ul>\n<p>&nbsp;<\/p>\n<p><b><span data-contrast=\"auto\">R\u00e9sultats de l&rsquo;apprentissage du cours<\/span><\/b><\/p>\n<p><strong>\u00c0 la fin des trois jours, vous serez en mesure de.. : <\/strong><\/p>\n<ul>\n<li>Naviguer en toute confiance et utiliser efficacement WinOLS<\/li>\n<li>Utilisez WinOLS en pratique pour toute une s\u00e9rie de projets de mise au point<\/li>\n<li><span data-contrast=\"auto\">Identifiez, comprenez et r\u00e9glez en toute confiance les groupes de cartes du calculateur.<\/span><\/li>\n<li><span data-contrast=\"auto\">Construire et organiser des projets WinOLS de mani\u00e8re propre et professionnelle<\/span><\/li>\n<li><span data-contrast=\"auto\">Lire, interpr\u00e9ter et appliquer les donn\u00e9es cl\u00e9s du dynamom\u00e8tre et de l&rsquo;enregistreur.<\/span><\/li>\n<li><span data-contrast=\"auto\">Effectuer des \u00e9talonnages complets, s\u00fbrs et bien structur\u00e9s<\/span><\/li>\n<\/ul>\n<p>&nbsp;<\/p>\n<p>&nbsp;<\/p>\n<p>&nbsp;<\/p>\n<p>&nbsp;<\/p>\n<h2>Pourquoi suivre une formation WinOLS avec Remap 101 ?<\/h2>\n<ul>\n<li>Des sessions structur\u00e9es, en classe &#8211; apprenez en personne avec l&rsquo;aide d&rsquo;un vrai tuteur.<\/li>\n<li>Concentrez-vous sur la mise au point dans le monde r\u00e9el, et pas seulement sur la pr\u00e9sentation de logiciels.<\/li>\n<li>Fourni par des \u00e9talonneurs professionnels, et non par des repr\u00e9sentants d&rsquo;outils.<\/li>\n<li>Des groupes de petite taille pour garantir un retour d&rsquo;information individualis\u00e9 et une exp\u00e9rience pratique.<\/li>\n<li>Apprenez \u00e0 utiliser WinOLS correctement &#8211; comme un outil professionnel<\/li>\n<li>Certification officielle EVC WinOLS et certificat de l&rsquo;Acad\u00e9mie technique Viezu d\u00e9livr\u00e9s \u00e0 l&rsquo;issue de la formation.<\/li>\n<\/ul>\n<h2><\/h2>\n<p>&nbsp;<\/p>\n<h2>Comment r\u00e9server votre place dans le cours de formation WinOLS certifi\u00e9 EVC<\/h2>\n<h3>Choisissez votre type de carburant<\/h3>\n<ul>\n<li>Diesel<\/li>\n<li>Essence<\/li>\n<\/ul>\n<h3>Choisissez votre date<\/h3>\n<p>R\u00e9servez votre cours de formation en ligne ou contactez l&rsquo;\u00e9quipe de formation pour obtenir des conseils.<\/p>\n<p>&nbsp;<\/p>\n<h2>Vous ne savez pas quel cours de formation Tuning vous convient ?<\/h2>\n<p>Si vous n&rsquo;\u00eates pas s\u00fbr de la formation qui vous convient le mieux, nous serons heureux de vous aider. Que vous ne soyez pas s\u00fbr du niveau dont vous avez besoin ou que vous soyez pr\u00eat \u00e0 progresser, notre \u00e9quipe vous parlera et vous aidera &#8211; pas de pression, juste des r\u00e9ponses directes bas\u00e9es sur votre exp\u00e9rience actuelle.<\/p>\n<p>T\u00e9l\u00e9phone : +44 (0)1789 774444 <a href=\"tel:+44%20(0)1789%20774444\">+44 (0)1789 774444<\/a> ou Courriel : <a href=\"mailto:info@viezu.com\">info@viezu.com<\/a><\/p>\n","protected":false},"excerpt":{"rendered":"<div>\n<p>Formation en personne certifi\u00e9e EVC sur WinOLS5 au Royaume-Uni. Dur\u00e9e du cours : 3 jours. Choisissez votre type de carburant et la date du cours, et r\u00e9servez votre place ci-dessous.<\/p>\n<\/div>\n<p>Vous pouvez garantir votre place en versant un acompte de 500GBP. [Voir les <a href=\"https:\/\/remap-staging.24livehost.com\/fr\/terms\/\">conditions g\u00e9n\u00e9rales<\/a>].<\/p>\n<p>&nbsp;<\/p>\n<p><strong>AVANTAGES UNIQUES DE LA FORMATION VIEZU :<\/strong> apr\u00e8s la formation, nous continuons \u00e0 vous aider \u00e0 d\u00e9velopper votre activit\u00e9 de tuning :<\/p>\n<ul>\n<li>le soutien continu de l&rsquo;\u00e9quipe technique de Viezu<\/li>\n<li>l&rsquo;acc\u00e8s \u00e0 des supports de formation actualis\u00e9s et \u00e0 des mappacks avanc\u00e9s<\/li>\n<li>un soutien sur mesure \u00e0 prix r\u00e9duit de la part du r\u00e9seau Viezu<\/li>\n<\/ul>\n<div>\n<div>\n<hr \/>\n<div>\n<div>\n<p><strong>Talk tuning : rejoignez notre communaut\u00e9 en ligne<\/strong><\/p>\n<\/div>\n<p>N&rsquo;attendez pas &#8211; vous pouvez d\u00e8s \u00e0 pr\u00e9sent partager vos connaissances avec vos coll\u00e8gues. Parlez tuning, remapping, calibration &#8211; rejoignez notre communaut\u00e9 de tuners professionnels partageant les m\u00eames id\u00e9es sur notre groupe Facebook &#8211; la<strong> <a href=\"https:\/\/www.facebook.com\/groups\/guildoftuners\">Guilde des pr\u00e9parateurs<\/a><\/strong><\/p>\n<ul>\n<li>Webinaires gratuits et classes de ma\u00eetre en ligne<\/li>\n<li>Aper\u00e7u de l&rsquo;\u00e9tat de l&rsquo;art en mati\u00e8re de technologie de r\u00e9glage<\/li>\n<li>Restez \u00e0 jour &#8211; derni\u00e8res mises \u00e0 jour des experts en outils et en logiciels<\/li>\n<\/ul>\n<\/div>\n<\/div>\n<\/div>\n","protected":false},"featured_media":109493,"comment_status":"closed","ping_status":"closed","template":"","meta":{"_acf_changed":false},"product_brand":[21146,19675],"product_cat":[24507,24408,24509,24514,24518,24513,24516,24512,24515,24511,24407,24510,24508,24637,24409,20398,24406],"product_tag":[24520,22422,22423,24519,15491,15223,22420,20506],"class_list":{"0":"post-109340","1":"product","2":"type-product","3":"status-publish","4":"has-post-thumbnail","6":"product_brand-evc","7":"product_brand-winols","8":"product_cat-royaume-uni","9":"product_cat-cours-de-formation-tuning-en-personne","10":"product_cat-formation-au-tuning-par-niveau","11":"product_cat-formation-au-reglage-des-bateaux","12":"product_cat-formation-a-la-mise-au-point-des-moteurs-a-essence","13":"product_cat-formation-au-reglage-des-tracteurs","14":"product_cat-formation-au-reglage-par-type-de-moteur","15":"product_cat-formation-au-tuning-automobile","16":"product_cat-formation-au-tuning-moto","17":"product_cat-formation-au-tuning-par-type-de-vehicule","18":"product_cat-formation-evc-winols","19":"product_cat-formation-daccordeur-debutant","20":"product_cat-formation-sur-le-reglage-de-la-marque","21":"product_cat-formation-sur-les-logiciels-de-reglage","22":"product_cat-evc-electronique","23":"product_cat-modules-de-reglage-des-moteurs-diesel","24":"product_cat-formation-a-la-mise-au-point-de-tous-les-vehicules","25":"product_tag-evc-formation-officielle-winols","26":"product_tag-formation-au-chip-tuning","27":"product_tag-formation-au-reglage-en-salle-de-classe","28":"product_tag-formation-certifiee-evc","29":"product_tag-formation-winols","30":"product_tag-logiciel-de-reglage-winols-5-evc","31":"product_tag-salle-de-classe-winols-de-levc","32":"product_tag-winols-fr","33":"product_shipping_class-aucune-expedition-requise","35":"first","36":"outofstock","37":"purchasable","38":"product-type-variable","39":"has-default-attributes"},"acf":[],"_links":{"self":[{"href":"https:\/\/remap-staging.24livehost.com\/fr\/wp-json\/wp\/v2\/product\/109340","targetHints":{"allow":["GET"]}}],"collection":[{"href":"https:\/\/remap-staging.24livehost.com\/fr\/wp-json\/wp\/v2\/product"}],"about":[{"href":"https:\/\/remap-staging.24livehost.com\/fr\/wp-json\/wp\/v2\/types\/product"}],"replies":[{"embeddable":true,"href":"https:\/\/remap-staging.24livehost.com\/fr\/wp-json\/wp\/v2\/comments?post=109340"}],"wp:featuredmedia":[{"embeddable":true,"href":"https:\/\/remap-staging.24livehost.com\/fr\/wp-json\/wp\/v2\/media\/109493"}],"wp:attachment":[{"href":"https:\/\/remap-staging.24livehost.com\/fr\/wp-json\/wp\/v2\/media?parent=109340"}],"wp:term":[{"taxonomy":"product_brand","embeddable":true,"href":"https:\/\/remap-staging.24livehost.com\/fr\/wp-json\/wp\/v2\/product_brand?post=109340"},{"taxonomy":"product_cat","embeddable":true,"href":"https:\/\/remap-staging.24livehost.com\/fr\/wp-json\/wp\/v2\/product_cat?post=109340"},{"taxonomy":"product_tag","embeddable":true,"href":"https:\/\/remap-staging.24livehost.com\/fr\/wp-json\/wp\/v2\/product_tag?post=109340"}],"curies":[{"name":"wp","href":"https:\/\/api.w.org\/{rel}","templated":true}]}}