{"id":21726,"date":"2021-09-07T09:52:59","date_gmt":"2021-09-07T08:52:59","guid":{"rendered":"https:\/\/remap-staging.24livehost.com\/conditions-generales-dutilisation\/"},"modified":"2025-12-08T08:55:18","modified_gmt":"2025-12-08T08:55:18","slug":"terms","status":"publish","type":"page","link":"https:\/\/remap-staging.24livehost.com\/fr\/terms\/","title":{"rendered":"Conditions g\u00e9n\u00e9rales d&rsquo;utilisation"},"content":{"rendered":"<h2 style=\"text-align: center;\"><strong>Conditions g\u00e9n\u00e9rales d&rsquo;utilisation de Remap101<\/strong><\/h2>\n<ol>\n<li><strong>  D\u00c9FINITIONS ET BASE CONTRACTUELLE<\/strong><\/li>\n<\/ol>\n<p><strong>1.1 D\u00e9finitions<\/strong><\/p>\n<p>Aux fins des pr\u00e9sentes conditions :<\/p>\n<ol start=\"101\">\n<li>\u00ab\u00a0<strong>Viezu\u00a0\u00bb<\/strong>, \u00a0\u00bb <strong>nous<\/strong> <strong>\u00ab\u00a0<\/strong>, <strong>\u00ab\u00a0notre<\/strong>\u00a0\u00bb et <strong>\u00ab\u00a0nos\u00a0\u00bb<\/strong> d\u00e9signent Viezu Technologies Ltd.<br \/>\nb. <strong>\u00ab\u00a0Remap101\u00a0\u00bb<\/strong> d\u00e9signe le site Internet, la plateforme, les Services, les syst\u00e8mes num\u00e9riques, les logiciels, le contenu et les environnements d&rsquo;apprentissage exploit\u00e9s par Viezu.<br \/>\nc. <strong>\u00ab\u00a0Utilisateur\u00a0\u00bb<\/strong>, <strong>\u00ab\u00a0vous\u00a0\u00bb<\/strong> ou <strong>\u00ab\u00a0votre\u00a0\u00bb<\/strong> d\u00e9signe toute personne physique ou morale acc\u00e9dant \u00e0 Remap101 ou l&rsquo;utilisant.<br \/>\nd. <strong>\u00ab\u00a0Services\u00a0\u00bb<\/strong> d\u00e9signe toutes les formations (en ligne et en classe), les \u00e9valuations, les produits num\u00e9riques, les logiciels, le mat\u00e9riel, l&rsquo;assistance et les offres associ\u00e9es.<br \/>\ne. <strong>\u00ab\u00a0Contenu\u00a0\u00bb<\/strong> d\u00e9signe tous les mat\u00e9riaux, textes, vid\u00e9os, diagrammes, documents, IP, donn\u00e9es, \u00e9valuations, t\u00e9l\u00e9chargements et ressources fournis par Viezu.<\/li>\n<\/ol>\n<p><strong>1.2 Formation des contrats<\/strong><\/p>\n<p>Un contrat juridiquement contraignant est form\u00e9 entre Viezu et l&rsquo;utilisateur au plus t\u00f4t :<\/p>\n<ol start=\"101\">\n<li>l&rsquo;acc\u00e8s ou l&rsquo;utilisation du site web ;<br \/>\nb. la cr\u00e9ation d&rsquo;un compte ;<br \/>\nc. l&rsquo;achat d&rsquo;un produit ou d&rsquo;un service ;<br \/>\nd. le commencement ou la tentative d&rsquo;utilisation d&rsquo;une partie quelconque de Remap101.   <\/li>\n<\/ol>\n<p>La poursuite de l&rsquo;acc\u00e8s constitue une acceptation permanente des pr\u00e9sentes conditions.<\/p>\n<p><strong>1.3 Primaut\u00e9 contractuelle<\/strong><\/p>\n<p>Les pr\u00e9sentes conditions remplacent tous les accords, communications ou d\u00e9clarations ant\u00e9rieurs ou contemporains.<\/p>\n<ol start=\"2\">\n<li><strong>  APPLICABILIT\u00c9 INTERNATIONALE ET DROIT APPLICABLE<\/strong><\/li>\n<\/ol>\n<p><strong>2.1 Utilisation internationale<\/strong><\/p>\n<p>Les pr\u00e9sentes conditions s&rsquo;appliquent globalement, quel que soit le lieu o\u00f9 se trouve l&rsquo;utilisateur.<\/p>\n<p><strong>2.2 Droit applicable<\/strong><\/p>\n<p>Les pr\u00e9sentes conditions sont r\u00e9gies exclusivement par le droit anglais.<\/p>\n<p><strong>2.3 Comp\u00e9tence exclusive<\/strong><\/p>\n<p>Les utilisateurs acceptent la comp\u00e9tence exclusive des tribunaux d&rsquo;Angleterre et du Pays de Galles.<\/p>\n<p><strong>2.4 Renonciation aux droits \u00e9trangers<\/strong><\/p>\n<p>Les utilisateurs renoncent \u00e0 tout droit d&rsquo;invoquer une loi ou une juridiction \u00e9trang\u00e8re pour contester le caract\u00e8re ex\u00e9cutoire.<\/p>\n<ol start=\"3\">\n<li><strong>  LES COMPTES D&rsquo;UTILISATEURS, L&rsquo;IDENTIT\u00c9 ET LES D\u00c9TAILS DE LA CERTIFICATION<\/strong><\/li>\n<\/ol>\n<p><strong>3.1 Pr\u00e9cision des comptes<\/strong><\/p>\n<p>Les utilisateurs doivent fournir des informations d&rsquo;identit\u00e9 exactes, compl\u00e8tes et v\u00e9ridiques.<\/p>\n<p><strong>3.2 Exigences relatives au nom du certificat<\/strong><\/p>\n<p>Les certificats affichent le nom et le pr\u00e9nom enregistr\u00e9s dans le compte de l&rsquo;utilisateur.<br \/>\nLes certificats ne seront pas modifi\u00e9s, \u00e0 l&rsquo;exception de corrections administratives mineures \u00e0 la discr\u00e9tion de Viezu.<\/p>\n<p><strong>3.3 V\u00e9rification de l&rsquo;identit\u00e9<\/strong><\/p>\n<p>Viezu peut exiger des documents d&rsquo;identit\u00e9 \u00e0 tout moment. La v\u00e9rification peut inclure une pi\u00e8ce d&rsquo;identit\u00e9 photographique, une v\u00e9rification vid\u00e9o en direct, un justificatif de domicile, une confirmation de l&#8217;employeur ou des documents exig\u00e9s par les organismes d&rsquo;attribution. <\/p>\n<p><strong>3.4 Cours accr\u00e9dit\u00e9s<\/strong><\/p>\n<p>La v\u00e9rification de l&rsquo;identit\u00e9 est obligatoire lorsque les cours m\u00e8nent \u00e0 des qualifications accr\u00e9dit\u00e9es ou professionnelles.<\/p>\n<p><strong>3.5 Non transf\u00e9rabilit\u00e9<\/strong><\/p>\n<p>Les comptes, certificats, droits d&rsquo;acc\u00e8s et tentatives d&rsquo;\u00e9valuation sont strictement personnels et non transf\u00e9rables.<\/p>\n<p><strong>3.6 Droit de refuser l&rsquo;inscription<\/strong><\/p>\n<p>Viezu se r\u00e9serve le droit absolu de refuser l&rsquo;inscription ou l&rsquo;acc\u00e8s futur \u00e0 tout utilisateur pour quelque raison que ce soit.<\/p>\n<ol start=\"4\">\n<li><strong>  S\u00c9CURIT\u00c9 DES COMPTES ET INTERDICTION DE PARTAGE DES COMPTES<\/strong><\/li>\n<\/ol>\n<p><strong>4.1 Obligations de s\u00e9curit\u00e9<\/strong><\/p>\n<p>Les utilisateurs doivent prot\u00e9ger leurs identifiants de connexion \u00e0 tout moment.<\/p>\n<p><strong>4.2 Interdiction du partage de compte<\/strong><\/p>\n<p>Le partage de compte est strictement interdit.<\/p>\n<p><strong>4.3 Contr\u00f4le<\/strong><\/p>\n<p>Viezu peut avoir recours \u00e0 une surveillance comportementale, l\u00e9gale et technique pour d\u00e9tecter tout acc\u00e8s non autoris\u00e9.<\/p>\n<p><strong>4.4 Application de la loi<\/strong><\/p>\n<p>Viezu peut suspendre ou r\u00e9silier des comptes, r\u00e9voquer des certificats sauf en cas de probl\u00e8mes mineurs, imposer des interdictions permanentes et refuser tout acc\u00e8s futur sans pr\u00e9avis.<\/p>\n<ol start=\"5\">\n<li><strong>  L&rsquo;OFFRE DE COURS MULTILINGUE<\/strong><\/li>\n<\/ol>\n<p><strong>5.1 Disponibilit\u00e9<\/strong><\/p>\n<p>Les cours peuvent \u00eatre dispens\u00e9s en plusieurs langues pour plus de commodit\u00e9.<\/p>\n<p><strong>5.2 Pr\u00e9s\u00e9ance de l&rsquo;anglais<\/strong><\/p>\n<p>En cas d&rsquo;incoh\u00e9rence, la version anglaise pr\u00e9vaut.<\/p>\n<p><strong>5.3 Mise \u00e0 jour des traductions<\/strong><\/p>\n<p>Les retards de traduction ou les variations ne donnent pas droit \u00e0 des remboursements.<\/p>\n<ol start=\"6\">\n<li><strong>  PROPRI\u00c9T\u00c9 INTELLECTUELLE ET UTILISATION INTERDITE<\/strong><\/li>\n<\/ol>\n<p><strong>6.1 Propri\u00e9t\u00e9<\/strong><\/p>\n<p>Tout le contenu est la propri\u00e9t\u00e9 de Viezu ou fait l&rsquo;objet d&rsquo;une licence.<\/p>\n<p><strong>6.2 Utilisation interdite<\/strong><\/p>\n<p>Les utilisateurs ne doivent pas :<\/p>\n<ol>\n<li>copier, enregistrer, faire des captures d&rsquo;\u00e9cran, t\u00e9l\u00e9charger ou distribuer le contenu ;<br \/>\nb. publier le contenu sur des plates-formes externes ;<br \/>\nc. utiliser le contenu pour former d&rsquo;autres personnes ;<br \/>\nd. utiliser le contenu pour la formation interne de l&rsquo;entreprise, la formation de groupe ou l&rsquo;instruction organisationnelle ;<br \/>\ne. cr\u00e9er des \u0153uvres d\u00e9riv\u00e9es ;<br \/>\nf. faire de l&rsquo;ing\u00e9nierie inverse ou extraire des donn\u00e9es ;<br \/>\ng. simuler, projeter ou afficher publiquement le contenu \u00e0 tout groupe ;<br \/>\nh. utiliser le contenu \u00e0 des fins concurrentielles ou commerciales.       <\/li>\n<\/ol>\n<p><strong>6.3 Application de la loi<\/strong><\/p>\n<p>Les infractions peuvent entra\u00eener la r\u00e9siliation, la r\u00e9vocation du certificat, des poursuites judiciaires et des demandes de dommages-int\u00e9r\u00eats.<\/p>\n<ol start=\"7\">\n<li><strong>  POLITIQUE D&rsquo;ACC\u00c8S ET DE REMBOURSEMENT DE LA FORMATION NUM\u00c9RIQUE<\/strong><\/li>\n<\/ol>\n<p><strong>7.1 D\u00e9but de l&rsquo;acc\u00e8s<\/strong><\/p>\n<p>L&rsquo;acc\u00e8s commence d\u00e8s le traitement du paiement.<\/p>\n<p><strong>7.2 Non-remboursement<\/strong><\/p>\n<p>Les produits num\u00e9riques ne sont pas remboursables une fois qu&rsquo;ils sont accessibles.<\/p>\n<p><strong>7.3 Responsabilit\u00e9 de l&rsquo;utilisateur<\/strong><\/p>\n<p>Les utilisateurs doivent s&rsquo;assurer que leur appareil et l&rsquo;internet r\u00e9pondent aux exigences du syst\u00e8me.<\/p>\n<ol start=\"8\">\n<li><strong>  \u00c9VALUATIONS, TENTATIVES ET INT\u00c9GRIT\u00c9 ACAD\u00c9MIQUE<\/strong><\/li>\n<\/ol>\n<p><strong>8.1 D\u00e9finition d&rsquo;une tentative<\/strong><\/p>\n<p>8.1.1 Il y a <strong>tentative<\/strong> lorsqu&rsquo;un utilisateur commence, acc\u00e8de, interagit avec ou initie une activit\u00e9 d&rsquo;\u00e9valuation, y compris :<\/p>\n<ol>\n<li>quiz ;<br \/>\nb. tests ;<br \/>\nc. \u00e9valuations de modules ;<br \/>\nd. devoirs ;<br \/>\ne. travaux \u00e9crits ;<x id=\"gid_4\"><\/x>f. t\u00e2ches not\u00e9es ;<br \/>\ng. \u00e9valuations pratiques ;<br \/>\nh. activit\u00e9s de mise en situation ;<br \/>\ni. examens finaux ;<br \/>\nj. contr\u00f4les de comp\u00e9tences ;<br \/>\nk. contr\u00f4les de connaissances ;<br \/>\nl. toute activit\u00e9 impliquant une certification ou une progression.           <\/li>\n<\/ol>\n<p>8.1.2 Une tentative a lieu m\u00eame si elle est incompl\u00e8te, abandonn\u00e9e, interrompue ou non soumise.<\/p>\n<p><strong>8.2 Limites des tentatives<\/strong><\/p>\n<p>Viezu n&rsquo;a aucune obligation de r\u00e9initialiser ou d&rsquo;\u00e9tendre les limites de l&rsquo;essai pour toute raison caus\u00e9e par l&rsquo;utilisateur.<\/p>\n<p><strong>8.3 \u00c9puisement des tentatives<\/strong><\/p>\n<p>Les utilisateurs peuvent \u00eatre tenus de racheter des cours lorsque les limites d&rsquo;essai sont \u00e9puis\u00e9es.<\/p>\n<p><strong>8.4 Lutte contre la fraude et contr\u00f4le de l&rsquo;int\u00e9grit\u00e9 acad\u00e9mique<\/strong><\/p>\n<p>Le contr\u00f4le peut inclure des analyses comportementales, l&rsquo;enregistrement des adresses IP, l&#8217;empreinte digitale des appareils, l&rsquo;analyse du temps et d&rsquo;autres mesures de protection de l&rsquo;int\u00e9grit\u00e9. Les utilisateurs consentent \u00e0 toute surveillance. <\/p>\n<p><strong>8.5 Faute acad\u00e9mique<\/strong><\/p>\n<p>La mauvaise conduite inclut, mais n&rsquo;est pas limit\u00e9e \u00e0 :<\/p>\n<ol>\n<li>l&rsquo;usurpation d&rsquo;identit\u00e9 ;<br \/>\nb. la r\u00e9ponse collaborative ;<br \/>\nc. les comptes multiples ;<br \/>\nd. la communication externe pendant les tentatives ;<br \/>\ne. l&rsquo;utilisation de tout outil, syst\u00e8me ou m\u00e9canisme capable d&rsquo;influencer, de g\u00e9n\u00e9rer, de modifier ou de sugg\u00e9rer des r\u00e9ponses ;<br \/>\nf. le contournement des contr\u00f4les d&rsquo;\u00e9valuation ;<br \/>\ng. la reproduction du mat\u00e9riel d&rsquo;\u00e9valuation ;<br \/>\nh. la manipulation des conditions de l&rsquo;appareil ou de l&rsquo;environnement.       <\/li>\n<\/ol>\n<p>(La clause 8.5(e) couvre strat\u00e9giquement la tricherie assist\u00e9e par l&rsquo;IA).<\/p>\n<p><strong>8.6 Application de la loi<\/strong><\/p>\n<p>Viezu peut invalider des tentatives, r\u00e9voquer des certificats sauf en cas de probl\u00e8mes mineurs, exiger des reprises supervis\u00e9es, mettre fin \u00e0 l&rsquo;acc\u00e8s, imposer des interdictions permanentes ou signaler une mauvaise conduite aux organismes d&rsquo;attribution.<\/p>\n<p><strong>8.7 Reprises non surveill\u00e9es<\/strong><\/p>\n<p>En cas d&rsquo;irr\u00e9gularit\u00e9, des examens supervis\u00e9s peuvent \u00eatre n\u00e9cessaires pour r\u00e9tablir la certification ou la progression.<\/p>\n<ol start=\"9\">\n<li><strong>  FORMATION EN CLASSE ET EN PERSONNE<\/strong><\/li>\n<\/ol>\n<p><strong>9.1 Flexibilit\u00e9 du lieu<\/strong><\/p>\n<p>La formation peut \u00eatre dispens\u00e9e dans des salles de conf\u00e9rence, des bureaux, des centres de formation ou d&rsquo;autres installations appropri\u00e9es. Un atelier ou un banc d&rsquo;essai peut ou non \u00eatre pr\u00e9sent. <\/p>\n<p><strong>9.2 D\u00e9monstrations pratiques<\/strong><\/p>\n<p>Les d\u00e9monstrations pratiques peuvent utiliser des environnements simul\u00e9s, des fichiers d&rsquo;\u00e9chantillons, des contenus enregistr\u00e9s ou des v\u00e9hicules vivants, le cas \u00e9ch\u00e9ant.<\/p>\n<p><strong>9.3 Conditions pr\u00e9alables<\/strong><\/p>\n<p>Le cas \u00e9ch\u00e9ant, il est obligatoire de remplir les conditions pr\u00e9alables. Le non-respect de ces conditions peut entra\u00eener l&rsquo;annulation de la formation sans remboursement. <\/p>\n<p><strong>9.4 D\u00e9p\u00f4ts<\/strong><\/p>\n<p>Les arrhes ne sont pas remboursables. Un acompte ne garantit pas une place de formation \u00e0 moins et jusqu&rsquo;\u00e0 ce que le solde total ait \u00e9t\u00e9 re\u00e7u en fonds compens\u00e9s.<br data-start=\"4244\" data-end=\"4247\">Viezu doit recevoir le paiement total au plus tard 48 heures avant l&rsquo;heure de d\u00e9but publi\u00e9e de la formation.<br data-start=\"4350\" data-end=\"4353\">Si le paiement compens\u00e9 n&rsquo;est pas re\u00e7u dans ce d\u00e9lai, la r\u00e9servation de l&rsquo;utilisateur est automatiquement annul\u00e9e, la place de formation est perdue et tous les montants pay\u00e9s (y compris l&rsquo;acompte) sont perdus dans leur int\u00e9gralit\u00e9.<br data-start=\"4553\" data-end=\"4556\">Les retards de transfert bancaire, de traitement des paiements, de conversion des devises ou les probl\u00e8mes techniques de paiement rel\u00e8vent de la seule responsabilit\u00e9 de l&rsquo;utilisateur. <\/p>\n<p><strong>9.5 Paiements de solde et r\u00e9ductions pour r\u00e9servation anticip\u00e9e<\/strong><\/p>\n<p data-start=\"4783\" data-end=\"5005\">Les paiements du solde doivent \u00eatre re\u00e7us en fonds compens\u00e9s avant la date limite de paiement indiqu\u00e9e.<br data-start=\"4920\" data-end=\"4923\">Si le paiement n&rsquo;est pas effectu\u00e9 avant la date limite, l&rsquo;inscription est annul\u00e9e imm\u00e9diatement et sans remboursement.<\/p>\n<p data-start=\"5007\" data-end=\"5178\">Lorsque des r\u00e9ductions pour r\u00e9servation anticip\u00e9e s&rsquo;appliquent, le prix r\u00e9duit n&rsquo;est valable que si le montant total de la formation est re\u00e7u en esp\u00e8ces avant la date limite de r\u00e9servation anticip\u00e9e annonc\u00e9e.<\/p>\n<p data-start=\"5180\" data-end=\"5433\">Si le paiement est re\u00e7u apr\u00e8s la date limite pour quelque raison que ce soit, y compris, mais sans s&rsquo;y limiter, les retards de transfert, les retards de traitement, les d\u00e9lais de r\u00e8glement des devises ou les paiements incomplets, le prix r\u00e9duit ne s&rsquo;applique pas et le prix standard doit \u00eatre pay\u00e9 dans son int\u00e9gralit\u00e9.<\/p>\n<p data-start=\"5435\" data-end=\"5546\">Viezu se r\u00e9serve le droit de modifier, de retirer ou d&rsquo;interrompre les r\u00e9ductions pour r\u00e9servation anticip\u00e9e \u00e0 tout moment et sans pr\u00e9avis.<\/p>\n<p><strong>9.6 Annulation par l&rsquo;utilisateur<\/strong><\/p>\n<p>Les annulations des utilisateurs entra\u00eenent la perte des d\u00e9p\u00f4ts et \u00e9ventuellement d&rsquo;autres paiements, \u00e0 moins que le si\u00e8ge ne soit revendu.<\/p>\n<p><strong>9.7 Annulation ou reprogrammation de Viezu<\/strong><\/p>\n<p>Les utilisateurs peuvent transf\u00e9rer ou recevoir un remboursement des frais de cours si Viezu annule ou d\u00e9place le cours.<br \/>\nViezu n&rsquo;est pas responsable des frais de voyage, d&rsquo;h\u00e9bergement, de visas ou des frais annexes.<\/p>\n<p><strong>9.8 Participation<\/strong><\/p>\n<p>L&rsquo;assiduit\u00e9 est requise pour l&rsquo;obtention du certificat.<\/p>\n<p><strong>9.9 V\u00e9rification de l&rsquo;identit\u00e9<\/strong><\/p>\n<p>Les contr\u00f4les d&rsquo;identit\u00e9 peuvent avoir lieu \u00e0 tout moment de la formation en classe.<\/p>\n<p><strong>9.10 V\u00e9rification obligatoire des \u00e9valuations<\/strong><\/p>\n<p>La v\u00e9rification de l&rsquo;identit\u00e9 est requise pour les \u00e9valuations en personne. En cas d&rsquo;\u00e9chec, vous risquez d&rsquo;\u00eatre radi\u00e9 et r\u00e9voqu\u00e9. <\/p>\n<p><strong>9.11 Fausses d\u00e9clarations<\/strong><\/p>\n<p>Une fausse d\u00e9claration d&rsquo;identit\u00e9 peut entra\u00eener la r\u00e9siliation, la r\u00e9vocation et l&rsquo;exclusion permanente.<\/p>\n<ol start=\"10\">\n<li><strong>  LE MAT\u00c9RIEL, LES LOGICIELS ET LES OUTILS DE TIERS<\/strong><\/li>\n<\/ol>\n<p><strong>10.1 Non-remboursement de la licence de logiciel<\/strong><\/p>\n<p>Les licences num\u00e9riques et les cl\u00e9s d&rsquo;activation ne sont pas remboursables une fois qu&rsquo;elles ont \u00e9t\u00e9 d\u00e9livr\u00e9es.<\/p>\n<p><strong>10.2 Clause de non-responsabilit\u00e9 pour les logiciels tiers<\/strong><\/p>\n<p>Les utilisateurs reconnaissent que les logiciels de r\u00e9glage, les syst\u00e8mes de diagnostic ou les outils d&rsquo;\u00e9talonnage de tiers sont utilis\u00e9s \u00e0 leurs propres risques.<br \/>\nViezu n&rsquo;est pas responsable de l&rsquo;installation, des licences, des mises \u00e0 jour, des d\u00e9fauts, de la compatibilit\u00e9 ou de la performance des syst\u00e8mes de tiers.<\/p>\n<p><strong>10.3 Marchandises d\u00e9fectueuses<\/strong><\/p>\n<p>Les droits statutaires s&rsquo;appliquent.<\/p>\n<p><strong>10.4 Droits \u00e0 l&rsquo;importation<\/strong><\/p>\n<p>Les utilisateurs sont responsables de toutes les taxes d&rsquo;importation et des frais de douane.<\/p>\n<ol start=\"11\">\n<li><strong>  LA DISPONIBILIT\u00c9 DE LA PLATE-FORME ET L&rsquo;ACC\u00c8S FUTUR<\/strong><\/li>\n<\/ol>\n<p><strong>11.1 Disponibilit\u00e9<\/strong><\/p>\n<p>L&rsquo;acc\u00e8s \u00e0 la plate-forme est fourni en fonction des disponibilit\u00e9s.<\/p>\n<p><strong>11.2 Aucune garantie d&rsquo;acc\u00e8s futur<\/strong><\/p>\n<p>Viezu se r\u00e9serve le droit de modifier, de mettre \u00e0 jour, d&rsquo;interrompre, d&rsquo;archiver ou de retirer tout contenu, cours, module ou fonction sans obligation d&rsquo;en maintenir l&rsquo;acc\u00e8s.<\/p>\n<p><strong>11.3 Pas de compensation<\/strong><\/p>\n<p>Les pannes, les interruptions ou les changements de contenu ne donnent pas droit \u00e0 des compensations ou \u00e0 des remboursements.<\/p>\n<ol start=\"12\">\n<li><strong>  SOUTIEN, CONDUITE ET UTILISATION ABUSIVE DES SERVICES<\/strong><\/li>\n<\/ol>\n<p><strong>12.1 Utilisation abusive de l&rsquo;aide<\/strong><\/p>\n<p>Viezu peut restreindre ou refuser son soutien aux utilisateurs qui :<\/p>\n<ol>\n<li>abuser des canaux d&rsquo;assistance ;<br \/>\nb. adopter un comportement abusif ;<br \/>\nc. demander de fa\u00e7on r\u00e9p\u00e9t\u00e9e une assistance qui d\u00e9passe le cadre de la formation ;<br \/>\nd. s&rsquo;engager dans une communication d\u00e9raisonnable ou excessive.   <\/li>\n<\/ol>\n<p><strong>12.2 Attentes en mati\u00e8re de conduite<\/strong><\/p>\n<p>Un comportement abusif, agressif ou inappropri\u00e9 \u00e0 l&rsquo;\u00e9gard du personnel ou des formateurs peut entra\u00eener une suspension ou un licenciement sans remboursement.<\/p>\n<ol start=\"13\">\n<li><strong>  L&rsquo;ALT\u00c9RATION DE LA TECHNOLOGIE, L&rsquo;INTERF\u00c9RENCE DU SYST\u00c8ME ET LA S\u00c9CURIT\u00c9<\/strong><\/li>\n<\/ol>\n<p><strong>13.1 Comportement technique interdit<\/strong><\/p>\n<p>Les utilisateurs ne doivent pas :<\/p>\n<ol>\n<li>falsifier les URL, les param\u00e8tres de la plate-forme ou les contr\u00f4les d&rsquo;\u00e9valuation ;<br \/>\nb. tenter d&rsquo;acc\u00e9der \u00e0 des zones restreintes ;<br \/>\nc. sonder, scanner ou tester la vuln\u00e9rabilit\u00e9 de tout syst\u00e8me ;<br \/>\nd. contourner les contr\u00f4les g\u00e9ographiques ou d&rsquo;identit\u00e9 ;<br \/>\ne. utiliser des VPN, des proxys, des services d&rsquo;anonymisation ou des outils de masquage pour dissimuler l&rsquo;identit\u00e9 ou la localisation ;<br \/>\nf. modifier le comportement du syst\u00e8me par le biais de scripts, d&rsquo;outils ou d&rsquo;automatisation.     <\/li>\n<\/ol>\n<p><strong>13.2 Application de la loi<\/strong><\/p>\n<p>Les infractions peuvent donner lieu \u00e0 un licenciement imm\u00e9diat, \u00e0 des interdictions permanentes et \u00e0 des poursuites judiciaires.<\/p>\n<ol start=\"14\">\n<li><strong>  LES LITIGES RELATIFS AUX PAIEMENTS, LES R\u00c9TROCESSIONS ET LES MESURES DE LUTTE CONTRE LA FRAUDE<\/strong><\/li>\n<\/ol>\n<p><strong>14.1 La r\u00e9trofacturation en tant que violation<\/strong><\/p>\n<p>Le fait d&rsquo;initier une r\u00e9trofacturation apr\u00e8s avoir acc\u00e9d\u00e9 \u00e0 une formation num\u00e9rique ou en classe constitue une violation substantielle.<\/p>\n<p><strong>14.2 Ex\u00e9cution imm\u00e9diate<\/strong><\/p>\n<p>Viezu peut suspendre ou mettre fin aux services, r\u00e9voquer les certificats sauf en cas de probl\u00e8mes mineurs, invalider les \u00e9valuations et bloquer les comptes associ\u00e9s.<\/p>\n<p><strong>14.3 Recouvrement des co\u00fbts<\/strong><\/p>\n<p>Les utilisateurs restent responsables :<\/p>\n<ol>\n<li>les frais de cours ;<br \/>\nb. les frais de refacturation ;<br \/>\nc. les frais administratifs ;<br \/>\nd. les frais de justice ;<br \/>\ne. les frais de recouvrement.    <\/li>\n<\/ol>\n<p><strong>14.4 Rapports<\/strong><\/p>\n<p>Viezu peut signaler les litiges frauduleux aux institutions financi\u00e8res, aux autorit\u00e9s judiciaires ou aux organismes d&rsquo;attribution.<\/p>\n<p><strong>14.5 Pas de r\u00e9int\u00e9gration<\/strong><\/p>\n<p>Le retrait d&rsquo;un litige n&rsquo;entra\u00eene pas le r\u00e9tablissement de l&rsquo;acc\u00e8s.<\/p>\n<ol start=\"15\">\n<li><strong>  EXCLUSION DE RESPONSABILIT\u00c9 ET DE R\u00c9SULTATS DE L&rsquo;ACCORD<\/strong><\/li>\n<\/ol>\n<p><strong>15.1 Pas de conseil professionnel<\/strong><\/p>\n<p>La formation est \u00e9ducative et ne constitue pas un conseil professionnel en mati\u00e8re d&rsquo;ing\u00e9nierie ou d&rsquo;\u00e9talonnage.<\/p>\n<p><strong>15.2 Responsabilit\u00e9 de l&rsquo;utilisateur en mati\u00e8re de r\u00e9glage<\/strong><\/p>\n<p>Les utilisateurs acceptent l&rsquo;enti\u00e8re responsabilit\u00e9 de tout r\u00e9glage effectu\u00e9 apr\u00e8s la formation.<br \/>\nViezu n&rsquo;est pas responsable des dommages, pertes, dysfonctionnements ou cons\u00e9quences r\u00e9glementaires d\u00e9coulant des actions de r\u00e9glage.<\/p>\n<p><strong>15.3 Exclusions<\/strong><\/p>\n<p>Viezu exclut toute responsabilit\u00e9 pour :<\/p>\n<ol>\n<li>les pertes indirectes ou cons\u00e9cutives ;<br \/>\nb. les interruptions d&rsquo;activit\u00e9 ;<br \/>\nc. les pertes de donn\u00e9es, de revenus ou de b\u00e9n\u00e9fices ;<br \/>\nd. les dommages au v\u00e9hicule ;<br \/>\ne. les p\u00e9nalit\u00e9s pour modification du v\u00e9hicule.    <\/li>\n<\/ol>\n<p><strong>15.4 Responsabilit\u00e9 maximale<\/strong><\/p>\n<p>La responsabilit\u00e9 de Viezu est limit\u00e9e aux frais pay\u00e9s par l&rsquo;utilisateur au cours des douze derniers mois.<\/p>\n<ol start=\"16\">\n<li><strong>  R\u00c9SILIATION ET SUSPENSION<\/strong><\/li>\n<\/ol>\n<p><strong>16.1 R\u00e9siliation discr\u00e9tionnaire<\/strong><\/p>\n<p>Viezu peut r\u00e9silier ou suspendre l&rsquo;acc\u00e8s \u00e0 tout moment pour toute infraction ou suspicion d&rsquo;infraction.<\/p>\n<p><strong>16.2 Pas d&rsquo;obligation de justification<\/strong><\/p>\n<p>Viezu n&rsquo;est pas tenu de fournir des raisons ou des preuves pour le licenciement.<\/p>\n<p><strong>16.3 Cons\u00e9quences<\/strong><\/p>\n<p>La r\u00e9siliation entra\u00eene :<\/p>\n<ol>\n<li>cessation de l&rsquo;acc\u00e8s ;<br \/>\nb. r\u00e9vocation du certificat sauf en cas de probl\u00e8mes mineurs ;<br \/>\nc. pas de remboursement ;<br \/>\nd. possibilit\u00e9 d&rsquo;interdiction permanente.   <\/li>\n<li><strong>  CONSERVATION DES DONN\u00c9ES ET ARCHIVAGE<\/strong><\/li>\n<\/ol>\n<p><strong>17.1 Conservation des donn\u00e9es acad\u00e9miques<\/strong><\/p>\n<p>Viezu peut conserver des dossiers d&rsquo;\u00e9valuation, de comportement et de v\u00e9rification de l&rsquo;identit\u00e9 dans la mesure o\u00f9 cela est n\u00e9cessaire :<\/p>\n<ol>\n<li>int\u00e9grit\u00e9 acad\u00e9mique ;<br \/>\nb. v\u00e9rification de la certification ;<br \/>\nc. conformit\u00e9 r\u00e9glementaire ;<br \/>\nd. audits des organismes d&rsquo;attribution.   <\/li>\n<\/ol>\n<p><strong>17.2 Suppression<\/strong><\/p>\n<p>En cas de r\u00e9siliation, l&rsquo;acc\u00e8s aux donn\u00e9es personnelles peut \u00eatre restreint ou supprim\u00e9, sous r\u00e9serve des exigences l\u00e9gales en mati\u00e8re de conservation.<\/p>\n<ol start=\"18\">\n<li><strong>  S\u00c9V\u00c9RABILIT\u00c9<\/strong><\/li>\n<\/ol>\n<p>La nullit\u00e9 d&rsquo;une clause n&rsquo;affecte pas les autres.<\/p>\n<ol start=\"19\">\n<li><strong>  INT\u00c9GRALIT\u00c9 DE L&rsquo;ACCORD<\/strong><\/li>\n<\/ol>\n<p>Les pr\u00e9sentes conditions constituent l&rsquo;int\u00e9gralit\u00e9 de l&rsquo;accord entre l&rsquo;utilisateur et Viezu.<\/p>\n<ol start=\"20\">\n<li><strong>  COORDONN\u00c9ES<\/strong><\/li>\n<\/ol>\n<p>Viezu Technologies Ltd<br \/>\n31 Bidavon Industrial Estate<br \/>\nWaterloo Road<br \/>\nBidford on Avon<br \/>\nB50 4JN<br \/>\nRoyaume-Uni<\/p>\n<p>Courriel : info@viezu.com<br \/>\nT\u00e9l\u00e9phone : +44 1789 774444<\/p>\n<h6><span style=\"color: #999999;\">Novembre 2025 : V2r2<\/span><\/h6>\n","protected":false},"excerpt":{"rendered":"<p>Conditions g\u00e9n\u00e9rales d&rsquo;utilisation de Remap101 D\u00c9FINITIONS ET BASE CONTRACTUELLE 1.1 D\u00e9finitions Aux fins des pr\u00e9sentes conditions : \u00ab\u00a0Viezu\u00a0\u00bb, \u00a0\u00bb nous \u00ab\u00a0, \u00ab\u00a0notre\u00a0\u00bb et \u00ab\u00a0nos\u00a0\u00bb d\u00e9signent Viezu Technologies Ltd. b. \u00ab\u00a0Remap101\u00a0\u00bb d\u00e9signe le site Internet, la plateforme, les Services, les syst\u00e8mes num\u00e9riques, les logiciels, le contenu et les environnements d&rsquo;apprentissage exploit\u00e9s par Viezu. c. \u00ab\u00a0Utilisateur\u00a0\u00bb, \u00ab\u00a0vous\u00a0\u00bb [&hellip;]<\/p>\n","protected":false},"author":5,"featured_media":0,"parent":0,"menu_order":0,"comment_status":"closed","ping_status":"closed","template":"","meta":{"_acf_changed":false,"footnotes":""},"class_list":["post-21726","page","type-page","status-publish","hentry"],"acf":[],"_links":{"self":[{"href":"https:\/\/remap-staging.24livehost.com\/fr\/wp-json\/wp\/v2\/pages\/21726","targetHints":{"allow":["GET"]}}],"collection":[{"href":"https:\/\/remap-staging.24livehost.com\/fr\/wp-json\/wp\/v2\/pages"}],"about":[{"href":"https:\/\/remap-staging.24livehost.com\/fr\/wp-json\/wp\/v2\/types\/page"}],"author":[{"embeddable":true,"href":"https:\/\/remap-staging.24livehost.com\/fr\/wp-json\/wp\/v2\/users\/5"}],"replies":[{"embeddable":true,"href":"https:\/\/remap-staging.24livehost.com\/fr\/wp-json\/wp\/v2\/comments?post=21726"}],"version-history":[{"count":3,"href":"https:\/\/remap-staging.24livehost.com\/fr\/wp-json\/wp\/v2\/pages\/21726\/revisions"}],"predecessor-version":[{"id":87567,"href":"https:\/\/remap-staging.24livehost.com\/fr\/wp-json\/wp\/v2\/pages\/21726\/revisions\/87567"}],"wp:attachment":[{"href":"https:\/\/remap-staging.24livehost.com\/fr\/wp-json\/wp\/v2\/media?parent=21726"}],"curies":[{"name":"wp","href":"https:\/\/api.w.org\/{rel}","templated":true}]}}