{"id":85483,"date":"2025-11-24T12:48:32","date_gmt":"2025-11-24T12:48:32","guid":{"rendered":"https:\/\/remap-staging.24livehost.com\/product\/vta2023-como-leer-y-escribir-una-ecu-autotuner-para-la-acreditacion-imi\/"},"modified":"2026-02-04T09:44:44","modified_gmt":"2026-02-04T09:44:44","slug":"vta2023-como-leer-y-escribir-una-ecu-autotuner-para-la-acreditacion-imi","status":"publish","type":"product","link":"https:\/\/remap-staging.24livehost.com\/es\/producto\/vta2023-como-leer-y-escribir-una-ecu-autotuner-para-la-acreditacion-imi\/","title":{"rendered":"VTA2023: C\u00f3mo leer y escribir una ECU &#8211; Autotuner para la acreditaci\u00f3n IMI"},"content":{"rendered":"<h2>Aprende a leer y escribir una ECU con el equipo de sintonizaci\u00f3n de veh\u00edculos AutoTuner<\/h2>\n<h3>Lecciones de sintonizador autom\u00e1tico:<\/h3>\n<ol>\n<li>AutoTuner Tool &#8211; M\u00e9todo de ajuste OBD<\/li>\n<li>Herramienta AutoTuner &#8211; M\u00e9todo de ajuste en banco<\/li>\n<li>Herramienta AutoTuner &#8211; M\u00e9todo de sintonizaci\u00f3n de arranque<\/li>\n<\/ol>\n<p><span style=\"font-family: var(--global-body-font-family);\">Cada lecci\u00f3n va seguida de un examen de 30 minutos para completar 20 preguntas en formato de elecci\u00f3n m\u00faltiple.<\/span><\/p>\n<p><img decoding=\"async\" class=\"alignnone wp-image-56179 size-medium\" src=\"https:\/\/remap-staging.24livehost.com\/wp-content\/uploads\/2025\/02\/autotuner-tool-5-1-300x300.jpg\" alt=\"\" width=\"300\" height=\"300\" srcset=\"https:\/\/remap-staging.24livehost.com\/wp-content\/uploads\/2025\/02\/autotuner-tool-5-1-300x300.jpg 300w, https:\/\/remap-staging.24livehost.com\/wp-content\/uploads\/2025\/02\/autotuner-tool-5-1-150x150.jpg 150w, https:\/\/remap-staging.24livehost.com\/wp-content\/uploads\/2025\/02\/autotuner-tool-5-1-50x50.jpg 50w, https:\/\/remap-staging.24livehost.com\/wp-content\/uploads\/2025\/02\/autotuner-tool-5-1-80x80.jpg 80w, https:\/\/remap-staging.24livehost.com\/wp-content\/uploads\/2025\/02\/autotuner-tool-5-1-263x263.jpg 263w, https:\/\/remap-staging.24livehost.com\/wp-content\/uploads\/2025\/02\/autotuner-tool-5-1-100x100.jpg 100w, https:\/\/remap-staging.24livehost.com\/wp-content\/uploads\/2025\/02\/autotuner-tool-5-1-255x255.jpg 255w, https:\/\/remap-staging.24livehost.com\/wp-content\/uploads\/2025\/02\/autotuner-tool-5-1-400x400.jpg 400w, https:\/\/remap-staging.24livehost.com\/wp-content\/uploads\/2025\/02\/autotuner-tool-5-1.jpg 460w\" sizes=\"(max-width: 300px) 100vw, 300px\" \/><\/p>\n<h2>\u00bfPor qu\u00e9 elegir Remap 101 para la formaci\u00f3n en tuning?<\/h2>\n<p>Elige Remap 101 para tu formaci\u00f3n en tuning de veh\u00edculos y benef\u00edciate de nuestra amplia experiencia y de nuestra completa gama de cursos y programas de formaci\u00f3n en tuning. Nos adaptamos a todos los niveles de experiencia, con cursos adecuados desde para principiantes hasta para afinadores avanzados. Para que te hagas una idea de nuestra formaci\u00f3n l\u00edder en el sector, tambi\u00e9n ofrecemos <a href=\"https:\/\/remap-staging.24livehost.com\/es\/course-category\/formacion-gratuita-sobre-tuning-de-vehiculos\/\">cursos gratuitos de tuning de veh\u00edculos<\/a>, que te permitir\u00e1n experimentar de primera mano la calidad de nuestra ense\u00f1anza y la profundidad de nuestros conocimientos.<\/p>\n","protected":false},"excerpt":{"rendered":"<p>Aprende a leer y escribir una ECU con el equipo de sintonizaci\u00f3n de veh\u00edculos AutoTuner Lecciones de sintonizador autom\u00e1tico: AutoTuner Tool &#8211; M\u00e9todo de ajuste OBD Herramienta AutoTuner &#8211; M\u00e9todo de ajuste en banco Herramienta AutoTuner &#8211; M\u00e9todo de sintonizaci\u00f3n de arranque Cada lecci\u00f3n va seguida de un examen de 30 minutos para completar 20 [&hellip;]<\/p>\n","protected":false},"featured_media":56188,"comment_status":"closed","ping_status":"closed","template":"","meta":{"_acf_changed":false},"product_brand":[19677],"product_cat":[14968,24610,24694,24448,24419],"product_tag":[],"class_list":{"0":"post-85483","1":"product","2":"type-product","3":"status-publish","4":"has-post-thumbnail","6":"product_brand-autotuner","7":"product_cat-sintonizador-automatico-es","8":"product_cat-formacion-en-brand-tuning","9":"product_cat-formacion-en-herramientas-de-ajuste-de-hardware","10":"product_cat-formacion-en-sintonizacion-autotuner","11":"product_cat-formacion-en-tuning-de-todos-los-vehiculos","13":"first","14":"instock","15":"taxable","16":"shipping-taxable","17":"purchasable","18":"product-type-simple"},"acf":[],"_links":{"self":[{"href":"https:\/\/remap-staging.24livehost.com\/es\/wp-json\/wp\/v2\/product\/85483","targetHints":{"allow":["GET"]}}],"collection":[{"href":"https:\/\/remap-staging.24livehost.com\/es\/wp-json\/wp\/v2\/product"}],"about":[{"href":"https:\/\/remap-staging.24livehost.com\/es\/wp-json\/wp\/v2\/types\/product"}],"replies":[{"embeddable":true,"href":"https:\/\/remap-staging.24livehost.com\/es\/wp-json\/wp\/v2\/comments?post=85483"}],"wp:featuredmedia":[{"embeddable":true,"href":"https:\/\/remap-staging.24livehost.com\/es\/wp-json\/wp\/v2\/media\/56188"}],"wp:attachment":[{"href":"https:\/\/remap-staging.24livehost.com\/es\/wp-json\/wp\/v2\/media?parent=85483"}],"wp:term":[{"taxonomy":"product_brand","embeddable":true,"href":"https:\/\/remap-staging.24livehost.com\/es\/wp-json\/wp\/v2\/product_brand?post=85483"},{"taxonomy":"product_cat","embeddable":true,"href":"https:\/\/remap-staging.24livehost.com\/es\/wp-json\/wp\/v2\/product_cat?post=85483"},{"taxonomy":"product_tag","embeddable":true,"href":"https:\/\/remap-staging.24livehost.com\/es\/wp-json\/wp\/v2\/product_tag?post=85483"}],"curies":[{"name":"wp","href":"https:\/\/api.w.org\/{rel}","templated":true}]}}