{"id":85478,"date":"2025-11-24T12:48:32","date_gmt":"2025-11-24T12:48:32","guid":{"rendered":"https:\/\/remap-staging.24livehost.com\/product\/vta2023-lesen-und-schreiben-einer-ecu-autotuner-fuer-imi-akkreditierung\/"},"modified":"2026-02-04T09:37:42","modified_gmt":"2026-02-04T09:37:42","slug":"vta2023-lesen-und-schreiben-einer-ecu-autotuner-fuer-imi-akkreditierung","status":"publish","type":"product","link":"https:\/\/remap-staging.24livehost.com\/de\/produkt\/vta2023-lesen-und-schreiben-einer-ecu-autotuner-fuer-imi-akkreditierung\/","title":{"rendered":"VTA2023: Lesen und Schreiben einer ECU &#8211; Autotuner f\u00fcr IMI-Akkreditierung"},"content":{"rendered":"<h2>Lernen Sie, wie man mit AutoTuner Fahrzeug-Tuning-Ger\u00e4ten ein Steuerger\u00e4t liest und schreibt<\/h2>\n<h3>AutoTuner-Lektionen:<\/h3>\n<ol>\n<li>AutoTuner Tool &#8211; OBD-Abstimmungsmethode<\/li>\n<li>AutoTuner Tool &#8211; Bench Tuning Methode<\/li>\n<li>AutoTuner Tool &#8211; Boot-Tuning-Methode<\/li>\n<\/ol>\n<p><span style=\"font-family: var(--global-body-font-family);\">Nach jeder Lektion folgt ein 30-min\u00fctiger Test, in dem Sie 20 Fragen im Multiple-Choice-Format beantworten m\u00fcssen.<\/span><\/p>\n<p><img decoding=\"async\" class=\"alignnone wp-image-56179 size-medium\" src=\"https:\/\/remap-staging.24livehost.com\/wp-content\/uploads\/2025\/02\/autotuner-tool-5-1-300x300.jpg\" alt=\"\" width=\"300\" height=\"300\" srcset=\"https:\/\/remap-staging.24livehost.com\/wp-content\/uploads\/2025\/02\/autotuner-tool-5-1-300x300.jpg 300w, https:\/\/remap-staging.24livehost.com\/wp-content\/uploads\/2025\/02\/autotuner-tool-5-1-150x150.jpg 150w, https:\/\/remap-staging.24livehost.com\/wp-content\/uploads\/2025\/02\/autotuner-tool-5-1-50x50.jpg 50w, https:\/\/remap-staging.24livehost.com\/wp-content\/uploads\/2025\/02\/autotuner-tool-5-1-80x80.jpg 80w, https:\/\/remap-staging.24livehost.com\/wp-content\/uploads\/2025\/02\/autotuner-tool-5-1-263x263.jpg 263w, https:\/\/remap-staging.24livehost.com\/wp-content\/uploads\/2025\/02\/autotuner-tool-5-1-100x100.jpg 100w, https:\/\/remap-staging.24livehost.com\/wp-content\/uploads\/2025\/02\/autotuner-tool-5-1-255x255.jpg 255w, https:\/\/remap-staging.24livehost.com\/wp-content\/uploads\/2025\/02\/autotuner-tool-5-1-400x400.jpg 400w, https:\/\/remap-staging.24livehost.com\/wp-content\/uploads\/2025\/02\/autotuner-tool-5-1.jpg 460w\" sizes=\"(max-width: 300px) 100vw, 300px\" \/><\/p>\n<h2>Warum sollten Sie Remap 101 f\u00fcr eine Tuning-Schulung w\u00e4hlen?<\/h2>\n<p>W\u00e4hlen Sie Remap 101 f\u00fcr Ihr Fahrzeugtuning-Training und profitieren Sie von unserem umfangreichen Fachwissen und unserem umfassenden Angebot an Tuning-Trainingskursen, Lektionen und Programmen. Wir bieten Kurse f\u00fcr alle Erfahrungsstufen an, von Anf\u00e4ngern bis hin zu fortgeschrittenen Tunern. Um Ihnen einen Vorgeschmack auf unsere branchenf\u00fchrenden Schulungen zu geben, bieten wir auch <a href=\"https:\/\/remap-staging.24livehost.com\/de\/course-category\/kostenloses-fahrzeug-tuning-training\/\">kostenlose Fahrzeugtuning-Schulungen<\/a> an, bei denen Sie sich aus erster Hand von der Qualit\u00e4t unseres Unterrichts und der Tiefe unseres Wissens \u00fcberzeugen k\u00f6nnen.<\/p>\n","protected":false},"excerpt":{"rendered":"<p>Lernen Sie, wie man mit AutoTuner Fahrzeug-Tuning-Ger\u00e4ten ein Steuerger\u00e4t liest und schreibt AutoTuner-Lektionen: AutoTuner Tool &#8211; OBD-Abstimmungsmethode AutoTuner Tool &#8211; Bench Tuning Methode AutoTuner Tool &#8211; Boot-Tuning-Methode Nach jeder Lektion folgt ein 30-min\u00fctiger Test, in dem Sie 20 Fragen im Multiple-Choice-Format beantworten m\u00fcssen. Warum sollten Sie Remap 101 f\u00fcr eine Tuning-Schulung w\u00e4hlen? W\u00e4hlen Sie Remap [&hellip;]<\/p>\n","protected":false},"featured_media":56184,"comment_status":"closed","ping_status":"closed","template":"","meta":{"_acf_changed":false},"product_brand":[19677],"product_cat":[24393,14964,24455,24522],"product_tag":[],"class_list":{"0":"post-85478","1":"product","2":"type-product","3":"status-publish","4":"has-post-thumbnail","6":"product_brand-autotuner","7":"product_cat-alle-fahrzeug-tuning-schulungen","8":"product_cat-autotuner-de","9":"product_cat-autotuner-tuning-schulung","10":"product_cat-brand-tuning-training-de","12":"first","13":"instock","14":"taxable","15":"shipping-taxable","16":"purchasable","17":"product-type-simple"},"acf":[],"_links":{"self":[{"href":"https:\/\/remap-staging.24livehost.com\/de\/wp-json\/wp\/v2\/product\/85478","targetHints":{"allow":["GET"]}}],"collection":[{"href":"https:\/\/remap-staging.24livehost.com\/de\/wp-json\/wp\/v2\/product"}],"about":[{"href":"https:\/\/remap-staging.24livehost.com\/de\/wp-json\/wp\/v2\/types\/product"}],"replies":[{"embeddable":true,"href":"https:\/\/remap-staging.24livehost.com\/de\/wp-json\/wp\/v2\/comments?post=85478"}],"wp:featuredmedia":[{"embeddable":true,"href":"https:\/\/remap-staging.24livehost.com\/de\/wp-json\/wp\/v2\/media\/56184"}],"wp:attachment":[{"href":"https:\/\/remap-staging.24livehost.com\/de\/wp-json\/wp\/v2\/media?parent=85478"}],"wp:term":[{"taxonomy":"product_brand","embeddable":true,"href":"https:\/\/remap-staging.24livehost.com\/de\/wp-json\/wp\/v2\/product_brand?post=85478"},{"taxonomy":"product_cat","embeddable":true,"href":"https:\/\/remap-staging.24livehost.com\/de\/wp-json\/wp\/v2\/product_cat?post=85478"},{"taxonomy":"product_tag","embeddable":true,"href":"https:\/\/remap-staging.24livehost.com\/de\/wp-json\/wp\/v2\/product_tag?post=85478"}],"curies":[{"name":"wp","href":"https:\/\/api.w.org\/{rel}","templated":true}]}}