{"id":51283,"date":"2021-11-17T14:32:11","date_gmt":"2021-11-17T14:32:11","guid":{"rendered":"https:\/\/remap-staging.24livehost.com\/product\/evc-winols-diesel-tuning-modul-4-von-6a\/"},"modified":"2026-01-20T13:58:52","modified_gmt":"2026-01-20T13:58:52","slug":"evc-winols-diesel-tuning-module-4-of-6a","status":"publish","type":"product","link":"https:\/\/remap-staging.24livehost.com\/de\/produkt\/evc-winols-diesel-tuning-module-4-of-6a\/","title":{"rendered":"VTA1016: EVC WinOLS Diesel Tuning Modul 4 von 6a"},"content":{"rendered":"<h2>VTA1016: EVC WinOLS 5 Diesel Vehicle Tuning Online-Kurs &#8211; Modul 4 von 6a<\/h2>\n<p>&nbsp;<\/p>\n<p>Dies ist der 4. Teil des Viezu Remap101 WinOLS Diesel Tuning Online-Kurses.<\/p>\n<p>Der 4. Abschnitt ist in 2 Module unterteilt, die unten aufgef\u00fchrt sind:<\/p>\n<ul>\n<li><span style=\"font-family: var(--global-body-font-family);\"><strong>EVC WinOLS Diesel Tuning Online Modul 4 von 6a<\/strong> <strong> (dieses Modul)<\/strong><\/span><\/li>\n<li>EVC WinOLS Diesel Tuning Online Modul 4 von 6b<\/li>\n<\/ul>\n<p>&nbsp;<\/p>\n<p>F\u00fcr die Bearbeitung dieser 2 Module sollten Sie 4 Stunden einplanen.<\/p>\n<p>Am Ende dieses Teils des Kurses werden Sie \u00fcber die Entwicklung von Map Packs Bescheid wissen.<\/p>\n<p>Diese Module enthalten detaillierte Kenntnisse \u00fcber die Verwaltung von Kartendaten. Sie werden lernen, wie man Daten identifiziert, kennzeichnet und in Formate konvertiert, die sich f\u00fcr die weitere Bearbeitung beim Fahrzeugtuning eignen &#8211; im Wesentlichen verwandeln Sie&#8220;Daten&#8220; in&#8220;Informationen&#8220;. Dazu geh\u00f6rt auch ein gewisses Ma\u00df an quantitativer Arbeit &#8211; deshalb haben wir zus\u00e4tzliches Kursmaterial bereitgestellt, um Ihr Studium zu erg\u00e4nzen.<\/p>\n<p>Um den vollen Nutzen aus diesen Online-Kursen zu ziehen, sollten Sie die Module nacheinander absolvieren. So k\u00f6nnen Sie Ihr Wissen und Ihre F\u00e4higkeiten auf logische, strukturierte Weise aufbauen. Jedes Modul baut auf dem Wissen des vorherigen Moduls auf.<\/p>\n<p>Dieser Viezu Remap101 Online-Kurs zur Verwendung von WinOLS f\u00fcr das Tuning und die Kalibrierung von Dieselsteuerger\u00e4ten umfasst insgesamt 8 Module.<\/p>\n<p>WinOLS ist eine leistungsstarke Software, die aber schwer zu erlernen ist &#8211; die Benutzeroberfl\u00e4che ist eine &#8222;leere Leinwand&#8220;. Daher umfassen unsere WinOLS-Schulungen mehr Module als unsere Schulungen f\u00fcr andere Softwarepakete.<\/p>\n<p>&nbsp;<\/p>\n<p>&nbsp;<\/p>\n<h3>EVC WinOLS 5 Software<\/h3>\n<p>Sie werden in diesem Online-Kurs eine bessere Lernerfahrung machen, wenn Sie die WinOLS-Software auf Ihrem eigenen PC laufen lassen, w\u00e4hrend Sie den Kurs verfolgen. Auf diese Weise k\u00f6nnen Sie \u00fcben, was Sie gerade im Video gelernt haben. Sie k\u00f6nnen verfolgen, was der Trainer Ihnen zeigt, w\u00e4hrend Sie mitmachen. Das ist praktisches Lernen, das Ihnen mehr Sicherheit im Umgang mit der Software gibt.<\/p>\n<p>Wenn Sie noch keine Vollversion der EVC WinOLS Tuningsoftware besitzen, k\u00f6nnen Sie diese hier im Online-Tuning-Shop sehen und kaufen &#8211; <a href=\"https:\/\/remap-staging.24livehost.com\/de\/produkt-kategorie\/professionelle-tuning-tools-und-software\/\">Tuningsoftware <\/a><\/p>\n<p>&nbsp;<\/p>\n","protected":false},"excerpt":{"rendered":"<p>Jetzt nehmen wir das, was Sie bisher in den <strong>EVC WinOLS 5 Dieseltuning-Modulen 1 bis 3<\/strong> gelernt haben, und vertiefen das Verst\u00e4ndnis von Steuerger\u00e4tedaten aus der Sicht des Fahrzeugtuners, der die Daten nutzen, kontrollieren und manipulieren muss, um seine Tuningziele zu erreichen. Um dies zu thematisieren, werden wir diesen Abschnitt als <strong>&#8222;Daten&#8220; in &#8222;Informationen&#8220; <\/strong>aus der Sicht des Fahrzeugtuners mit EVC WinOLS 5 Software <strong>umwandeln <\/strong>.<\/p>\n<p>Wir werden das Thema Definition von Kartendaten in den n\u00e4chsten 4 Lektionen fortsetzen. Bitte planen Sie mindestens 4 Stunden f\u00fcr beide Teile dieses Moduls ein, um das Element Kartendaten in Ihrer Ausbildung abzudecken.<\/p>\n","protected":false},"featured_media":56336,"comment_status":"open","ping_status":"closed","template":"","meta":{"_acf_changed":false},"product_brand":[21146,19675],"product_cat":[24393,24531,24403,24405,24692,24787,24525,24523],"product_tag":[15365,15272],"class_list":{"0":"post-51283","1":"product","2":"type-product","3":"status-publish","4":"has-post-thumbnail","6":"product_brand-evc","7":"product_brand-winols","8":"product_cat-alle-fahrzeug-tuning-schulungen","9":"product_cat-diesel-tuning-training","10":"product_cat-evc-winols-schulung","11":"product_cat-evc-schulung-zur-elektronischen-abstimmung","12":"product_cat-online-tuning-schulungskurse","13":"product_cat-software-tuning-training-de","14":"product_cat-tuning-training-nach-fahrzeugtyp","15":"product_cat-tuning-training-nach-level","16":"product_tag-diesel-de","17":"product_tag-evc-winols-diesel-de","19":"first","20":"instock","21":"taxable","22":"shipping-taxable","23":"purchasable","24":"product-type-simple"},"acf":[],"_links":{"self":[{"href":"https:\/\/remap-staging.24livehost.com\/de\/wp-json\/wp\/v2\/product\/51283","targetHints":{"allow":["GET"]}}],"collection":[{"href":"https:\/\/remap-staging.24livehost.com\/de\/wp-json\/wp\/v2\/product"}],"about":[{"href":"https:\/\/remap-staging.24livehost.com\/de\/wp-json\/wp\/v2\/types\/product"}],"replies":[{"embeddable":true,"href":"https:\/\/remap-staging.24livehost.com\/de\/wp-json\/wp\/v2\/comments?post=51283"}],"wp:featuredmedia":[{"embeddable":true,"href":"https:\/\/remap-staging.24livehost.com\/de\/wp-json\/wp\/v2\/media\/56336"}],"wp:attachment":[{"href":"https:\/\/remap-staging.24livehost.com\/de\/wp-json\/wp\/v2\/media?parent=51283"}],"wp:term":[{"taxonomy":"product_brand","embeddable":true,"href":"https:\/\/remap-staging.24livehost.com\/de\/wp-json\/wp\/v2\/product_brand?post=51283"},{"taxonomy":"product_cat","embeddable":true,"href":"https:\/\/remap-staging.24livehost.com\/de\/wp-json\/wp\/v2\/product_cat?post=51283"},{"taxonomy":"product_tag","embeddable":true,"href":"https:\/\/remap-staging.24livehost.com\/de\/wp-json\/wp\/v2\/product_tag?post=51283"}],"curies":[{"name":"wp","href":"https:\/\/api.w.org\/{rel}","templated":true}]}}